{"id":865,"date":"2017-01-29T13:27:15","date_gmt":"2017-01-29T12:27:15","guid":{"rendered":"http:\/\/fotokp.cz\/?page_id=865"},"modified":"2020-01-11T10:04:29","modified_gmt":"2020-01-11T09:04:29","slug":"2016-2","status":"publish","type":"page","link":"https:\/\/fotokp.cz\/?page_id=865","title":{"rendered":"2016"},"content":{"rendered":"<h1 style=\"text-align: center;\">Hody<\/h1>\n<h4 style=\"text-align: center;\"><a href=\"http:\/\/fotokp.cz\/?page_id=14325\">St\u0159elice &nbsp;14.-16.10.2016<\/a><\/h4>\n<p style=\"text-align: center;\"><a href=\"http:\/\/fotokp.cz\/?page_id=14325\"><img loading=\"lazy\" decoding=\"async\" class=\"alignnone wp-image-23919 size-medium\" src=\"http:\/\/fotokp.cz\/wp-content\/uploads\/2017\/01\/DSC_0613-300x225.jpg\" alt=\"\" width=\"300\" height=\"225\" srcset=\"https:\/\/fotokp.cz\/wp-content\/uploads\/2017\/01\/DSC_0613-300x225.jpg 300w, https:\/\/fotokp.cz\/wp-content\/uploads\/2017\/01\/DSC_0613-768x576.jpg 768w, https:\/\/fotokp.cz\/wp-content\/uploads\/2017\/01\/DSC_0613-1024x768.jpg 1024w\" sizes=\"(max-width: 300px) 100vw, 300px\" \/><\/a><\/p>\n<h4 class=\"entry-title\" style=\"text-align: center;\"><a href=\"http:\/\/fotokp.cz\/?page_id=14209\">Stav\u011bn\u00ed m\u00e1je \u010cejkovice 18.08.2016<\/a><\/h4>\n<p class=\"entry-title\" style=\"text-align: center;\">&nbsp;<a href=\"http:\/\/fotokp.cz\/?page_id=14209\"><img loading=\"lazy\" decoding=\"async\" class=\"alignnone wp-image-23921 size-medium\" src=\"http:\/\/fotokp.cz\/wp-content\/uploads\/2017\/01\/Hody-\u010cejkovice-2016-300x200.jpg\" alt=\"\" width=\"300\" height=\"200\" srcset=\"https:\/\/fotokp.cz\/wp-content\/uploads\/2017\/01\/Hody-\u010cejkovice-2016-300x200.jpg 300w, https:\/\/fotokp.cz\/wp-content\/uploads\/2017\/01\/Hody-\u010cejkovice-2016-768x512.jpg 768w, https:\/\/fotokp.cz\/wp-content\/uploads\/2017\/01\/Hody-\u010cejkovice-2016-1024x682.jpg 1024w, https:\/\/fotokp.cz\/wp-content\/uploads\/2017\/01\/Hody-\u010cejkovice-2016.jpg 1940w\" sizes=\"(max-width: 300px) 100vw, 300px\" \/><\/a><\/p>\n<h4 class=\"entry-title\" style=\"text-align: center;\"><a href=\"http:\/\/fotokp.cz\/?page_id=1405\">St\u0159elice 20.-22.5. 2016<\/a><\/h4>\n<p class=\"entry-title\" style=\"text-align: center;\"><a href=\"http:\/\/fotokp.cz\/?page_id=1405\"><img loading=\"lazy\" decoding=\"async\" class=\"alignnone wp-image-23922 size-medium\" src=\"http:\/\/fotokp.cz\/wp-content\/uploads\/2017\/01\/DSC_7246-300x200.jpg\" alt=\"\" width=\"300\" height=\"200\" srcset=\"https:\/\/fotokp.cz\/wp-content\/uploads\/2017\/01\/DSC_7246-300x200.jpg 300w, https:\/\/fotokp.cz\/wp-content\/uploads\/2017\/01\/DSC_7246-768x512.jpg 768w, https:\/\/fotokp.cz\/wp-content\/uploads\/2017\/01\/DSC_7246-1024x683.jpg 1024w, https:\/\/fotokp.cz\/wp-content\/uploads\/2017\/01\/DSC_7246.jpg 1940w\" sizes=\"(max-width: 300px) 100vw, 300px\" \/><\/a><\/p>\n<h1 style=\"text-align: center;\">Plesy<\/h1>\n<h4 class=\"entry-title\" style=\"text-align: center;\"><a href=\"http:\/\/fotokp.cz\/?page_id=9990\">\u010cejkovice \u2013 krojov\u00fd 30.01.2016<\/a><\/h4>\n<p class=\"entry-title\"><a href=\"http:\/\/fotokp.cz\/?page_id=9990\"><img loading=\"lazy\" decoding=\"async\" class=\"wp-image-23918 size-medium aligncenter\" src=\"http:\/\/fotokp.cz\/wp-content\/uploads\/2017\/01\/Ples-\u010dekovice-2016-300x200.jpg\" alt=\"\" width=\"300\" height=\"200\" srcset=\"https:\/\/fotokp.cz\/wp-content\/uploads\/2017\/01\/Ples-\u010dekovice-2016-300x200.jpg 300w, https:\/\/fotokp.cz\/wp-content\/uploads\/2017\/01\/Ples-\u010dekovice-2016-768x512.jpg 768w, https:\/\/fotokp.cz\/wp-content\/uploads\/2017\/01\/Ples-\u010dekovice-2016-1024x682.jpg 1024w, https:\/\/fotokp.cz\/wp-content\/uploads\/2017\/01\/Ples-\u010dekovice-2016.jpg 1940w\" sizes=\"(max-width: 300px) 100vw, 300px\" \/><\/a><\/p>\n<h1 style=\"text-align: center;\">Ro\u010dn\u00edkov\u00e1 m\u00e1ja<\/h1>\n<h4 class=\"entry-title\" style=\"text-align: center;\"><a href=\"http:\/\/fotokp.cz\/?page_id=31159\">Ro\u010dn\u00edk 98 \u2013 30.04.2016<\/a><\/h4>\n<p style=\"text-align: center;\"><a href=\"http:\/\/fotokp.cz\/?page_id=31159\"><img loading=\"lazy\" decoding=\"async\" class=\"alignnone size-medium wp-image-31292\" src=\"http:\/\/fotokp.cz\/wp-content\/uploads\/2020\/01\/DSC_6645-300x200.jpg\" alt=\"\" width=\"300\" height=\"200\" srcset=\"https:\/\/fotokp.cz\/wp-content\/uploads\/2020\/01\/DSC_6645-300x200.jpg 300w, https:\/\/fotokp.cz\/wp-content\/uploads\/2020\/01\/DSC_6645-1024x684.jpg 1024w, https:\/\/fotokp.cz\/wp-content\/uploads\/2020\/01\/DSC_6645-768x513.jpg 768w, https:\/\/fotokp.cz\/wp-content\/uploads\/2020\/01\/DSC_6645-1536x1025.jpg 1536w, https:\/\/fotokp.cz\/wp-content\/uploads\/2020\/01\/DSC_6645.jpg 1937w\" sizes=\"(max-width: 300px) 100vw, 300px\" \/><\/a><\/p>\n<h1 class=\"entry-title\" style=\"text-align: center;\">Pou\u0165<\/h1>\n<h4 class=\"entry-title\" style=\"text-align: center;\"><a href=\"http:\/\/fotokp.cz\/?page_id=17238\">\u017daro\u0161ice 10.09.2016<\/a><\/h4>\n<p class=\"entry-title\" style=\"text-align: center;\"><a href=\"http:\/\/fotokp.cz\/?page_id=17238\"><img loading=\"lazy\" decoding=\"async\" class=\"alignnone wp-image-23924 size-medium\" src=\"http:\/\/fotokp.cz\/wp-content\/uploads\/2017\/01\/DSCN7307-300x225.jpg\" alt=\"\" width=\"300\" height=\"225\" srcset=\"https:\/\/fotokp.cz\/wp-content\/uploads\/2017\/01\/DSCN7307-300x225.jpg 300w, https:\/\/fotokp.cz\/wp-content\/uploads\/2017\/01\/DSCN7307-768x576.jpg 768w, https:\/\/fotokp.cz\/wp-content\/uploads\/2017\/01\/DSCN7307-1024x768.jpg 1024w, https:\/\/fotokp.cz\/wp-content\/uploads\/2017\/01\/DSCN7307.jpg 1724w\" sizes=\"(max-width: 300px) 100vw, 300px\" \/><\/a><\/p>\n<h1 class=\"entry-title\" style=\"text-align: center;\">Farnost<\/h1>\n<h4 class=\"entry-title\" style=\"text-align: center;\"><a href=\"http:\/\/fotokp.cz\/?page_id=1545\">Bi\u0159mov\u00e1n\u00ed 08.10.2016<\/a><\/h4>\n<p class=\"entry-title\" style=\"text-align: center;\"><a href=\"http:\/\/fotokp.cz\/?page_id=1545\"><img loading=\"lazy\" decoding=\"async\" class=\"alignnone size-medium wp-image-23925\" src=\"http:\/\/fotokp.cz\/wp-content\/uploads\/2017\/01\/381-300x200.jpg\" alt=\"\" width=\"300\" height=\"200\" srcset=\"https:\/\/fotokp.cz\/wp-content\/uploads\/2017\/01\/381-300x200.jpg 300w, https:\/\/fotokp.cz\/wp-content\/uploads\/2017\/01\/381-768x512.jpg 768w, https:\/\/fotokp.cz\/wp-content\/uploads\/2017\/01\/381-1024x683.jpg 1024w, https:\/\/fotokp.cz\/wp-content\/uploads\/2017\/01\/381.jpg 1940w\" sizes=\"(max-width: 300px) 100vw, 300px\" \/><\/a><\/p>\n<h1 class=\"entry-title\" style=\"text-align: center;\">Hasi\u010di<\/h1>\n<h4 class=\"entry-title\" style=\"text-align: center;\"><a href=\"http:\/\/fotokp.cz\/?page_id=1503\">Hasi\u010dsk\u00e1 sout\u011b\u017e 29.5.2016<\/a><\/h4>\n<p class=\"entry-title\" style=\"text-align: center;\"><a href=\"http:\/\/fotokp.cz\/?page_id=1503\"><img loading=\"lazy\" decoding=\"async\" class=\"alignnone wp-image-23926 size-medium\" src=\"http:\/\/fotokp.cz\/wp-content\/uploads\/2017\/01\/DSC_8223-300x200.jpg\" alt=\"\" width=\"300\" height=\"200\" srcset=\"https:\/\/fotokp.cz\/wp-content\/uploads\/2017\/01\/DSC_8223-300x200.jpg 300w, https:\/\/fotokp.cz\/wp-content\/uploads\/2017\/01\/DSC_8223-768x512.jpg 768w, https:\/\/fotokp.cz\/wp-content\/uploads\/2017\/01\/DSC_8223-1024x682.jpg 1024w, https:\/\/fotokp.cz\/wp-content\/uploads\/2017\/01\/DSC_8223.jpg 1940w\" sizes=\"(max-width: 300px) 100vw, 300px\" \/><\/a><\/p>\n<h4 class=\"entry-title\" style=\"text-align: center;\"><a href=\"http:\/\/fotokp.cz\/?page_id=1527\">Stav\u011bn\u00ed v\u00e1no\u010dn\u00edho stromu &nbsp;26.11.2016<\/a><\/h4>\n<p class=\"entry-title\" style=\"text-align: center;\"><a href=\"http:\/\/fotokp.cz\/?page_id=1527\"><img loading=\"lazy\" decoding=\"async\" class=\"alignnone wp-image-23927 size-medium\" src=\"http:\/\/fotokp.cz\/wp-content\/uploads\/2017\/01\/DSCN7573-300x200.jpg\" alt=\"\" width=\"300\" height=\"200\" srcset=\"https:\/\/fotokp.cz\/wp-content\/uploads\/2017\/01\/DSCN7573-300x200.jpg 300w, https:\/\/fotokp.cz\/wp-content\/uploads\/2017\/01\/DSCN7573-768x512.jpg 768w, https:\/\/fotokp.cz\/wp-content\/uploads\/2017\/01\/DSCN7573-1024x683.jpg 1024w, https:\/\/fotokp.cz\/wp-content\/uploads\/2017\/01\/DSCN7573.jpg 1940w\" sizes=\"(max-width: 300px) 100vw, 300px\" \/><\/a><\/p>\n<h1 style=\"text-align: center;\">Bitva u Slavkova<\/h1>\n<h4 style=\"text-align: center;\"><a href=\"http:\/\/fotokp.cz\/?page_id=16447\">Mohyla M\u00edru 03.12.2016<\/a><\/h4>\n<p style=\"text-align: center;\"><a href=\"http:\/\/fotokp.cz\/?page_id=16447\"><img loading=\"lazy\" decoding=\"async\" class=\"alignnone size-medium wp-image-23928\" src=\"http:\/\/fotokp.cz\/wp-content\/uploads\/2017\/01\/DSCN7808-200x300.jpg\" alt=\"\" width=\"200\" height=\"300\" srcset=\"https:\/\/fotokp.cz\/wp-content\/uploads\/2017\/01\/DSCN7808-200x300.jpg 200w, https:\/\/fotokp.cz\/wp-content\/uploads\/2017\/01\/DSCN7808-768x1152.jpg 768w, https:\/\/fotokp.cz\/wp-content\/uploads\/2017\/01\/DSCN7808-683x1024.jpg 683w, https:\/\/fotokp.cz\/wp-content\/uploads\/2017\/01\/DSCN7808.jpg 864w\" sizes=\"(max-width: 200px) 100vw, 200px\" \/><\/a><\/p>\n","protected":false},"excerpt":{"rendered":"<p>Hody St\u0159elice &nbsp;14.-16.10.2016 Stav\u011bn\u00ed m\u00e1je \u010cejkovice 18.08.2016 &nbsp; St\u0159elice 20.-22.5. 2016 Plesy \u010cejkovice \u2013 krojov\u00fd 30.01.2016 Ro\u010dn\u00edkov\u00e1 m\u00e1ja Ro\u010dn\u00edk 98 \u2013 30.04.2016 Pou\u0165 \u017daro\u0161ice 10.09.2016 Farnost Bi\u0159mov\u00e1n\u00ed 08.10.2016 Hasi\u010di Hasi\u010dsk\u00e1 sout\u011b\u017e 29.5.2016 Stav\u011bn\u00ed v\u00e1no\u010dn\u00edho stromu &nbsp;26.11.2016 Bitva u Slavkova Mohyla M\u00edru 03.12.2016<\/p>\n","protected":false},"author":1,"featured_media":0,"parent":0,"menu_order":2016,"comment_status":"closed","ping_status":"closed","template":"","meta":{"_monsterinsights_skip_tracking":false,"_monsterinsights_sitenote_active":false,"_monsterinsights_sitenote_note":"","_monsterinsights_sitenote_category":0,"ngg_post_thumbnail":0,"footnotes":""},"_links":{"self":[{"href":"https:\/\/fotokp.cz\/index.php?rest_route=\/wp\/v2\/pages\/865"}],"collection":[{"href":"https:\/\/fotokp.cz\/index.php?rest_route=\/wp\/v2\/pages"}],"about":[{"href":"https:\/\/fotokp.cz\/index.php?rest_route=\/wp\/v2\/types\/page"}],"author":[{"embeddable":true,"href":"https:\/\/fotokp.cz\/index.php?rest_route=\/wp\/v2\/users\/1"}],"replies":[{"embeddable":true,"href":"https:\/\/fotokp.cz\/index.php?rest_route=%2Fwp%2Fv2%2Fcomments&post=865"}],"version-history":[{"count":10,"href":"https:\/\/fotokp.cz\/index.php?rest_route=\/wp\/v2\/pages\/865\/revisions"}],"predecessor-version":[{"id":31310,"href":"https:\/\/fotokp.cz\/index.php?rest_route=\/wp\/v2\/pages\/865\/revisions\/31310"}],"wp:attachment":[{"href":"https:\/\/fotokp.cz\/index.php?rest_route=%2Fwp%2Fv2%2Fmedia&parent=865"}],"curies":[{"name":"wp","href":"https:\/\/api.w.org\/{rel}","templated":true}]}}