{"id":862,"date":"2017-01-29T13:26:59","date_gmt":"2017-01-29T12:26:59","guid":{"rendered":"http:\/\/fotokp.cz\/?page_id=862"},"modified":"2020-01-11T10:07:32","modified_gmt":"2020-01-11T09:07:32","slug":"2017-2","status":"publish","type":"page","link":"https:\/\/fotokp.cz\/?page_id=862","title":{"rendered":"2017"},"content":{"rendered":"<h1 style=\"text-align: center;\">Hody<\/h1>\n<h4 style=\"text-align: center;\"><a href=\"http:\/\/fotokp.cz\/?page_id=24119\">St\u0159elice&nbsp; 13.-15.10.2017<\/a><\/h4>\n<p style=\"text-align: center;\"><a href=\"http:\/\/fotokp.cz\/?page_id=24119\"><img loading=\"lazy\" decoding=\"async\" class=\"alignnone size-medium wp-image-24923\" src=\"http:\/\/fotokp.cz\/wp-content\/uploads\/2017\/01\/DSCN8216-300x225.jpg\" alt=\"\" width=\"300\" height=\"225\" srcset=\"https:\/\/fotokp.cz\/wp-content\/uploads\/2017\/01\/DSCN8216-300x225.jpg 300w, https:\/\/fotokp.cz\/wp-content\/uploads\/2017\/01\/DSCN8216-768x576.jpg 768w, https:\/\/fotokp.cz\/wp-content\/uploads\/2017\/01\/DSCN8216-1024x768.jpg 1024w, https:\/\/fotokp.cz\/wp-content\/uploads\/2017\/01\/DSCN8216.jpg 1940w\" sizes=\"(max-width: 300px) 100vw, 300px\" \/><\/a><\/p>\n<h4 style=\"text-align: center;\">&nbsp;<a href=\"http:\/\/fotokp.cz\/?page_id=25379\">Doln\u00ed Bojanovice &#8211; Pr\u016fvod 01.10.2017<\/a><\/h4>\n<p style=\"text-align: center;\"><a href=\"http:\/\/fotokp.cz\/?page_id=25379\"><img loading=\"lazy\" decoding=\"async\" class=\"alignnone size-medium wp-image-25834\" src=\"http:\/\/fotokp.cz\/wp-content\/uploads\/2017\/01\/DSC_8004-300x200.jpg\" alt=\"\" width=\"300\" height=\"200\" srcset=\"https:\/\/fotokp.cz\/wp-content\/uploads\/2017\/01\/DSC_8004-300x200.jpg 300w, https:\/\/fotokp.cz\/wp-content\/uploads\/2017\/01\/DSC_8004-768x512.jpg 768w, https:\/\/fotokp.cz\/wp-content\/uploads\/2017\/01\/DSC_8004-1024x682.jpg 1024w, https:\/\/fotokp.cz\/wp-content\/uploads\/2017\/01\/DSC_8004.jpg 1940w\" sizes=\"(max-width: 300px) 100vw, 300px\" \/><\/a><\/p>\n<h4 style=\"text-align: center;\"><a href=\"http:\/\/fotokp.cz\/?page_id=21227\">St\u0159elice&nbsp;09. &#8211; 11.06.2017<\/a><\/h4>\n<p><a href=\"http:\/\/fotokp.cz\/?page_id=21227\"><img loading=\"lazy\" decoding=\"async\" class=\"aligncenter wp-image-23908 size-medium\" src=\"http:\/\/fotokp.cz\/wp-content\/uploads\/2017\/01\/DSC_5787-200x300.jpg\" alt=\"\" width=\"200\" height=\"300\" srcset=\"https:\/\/fotokp.cz\/wp-content\/uploads\/2017\/01\/DSC_5787-200x300.jpg 200w, https:\/\/fotokp.cz\/wp-content\/uploads\/2017\/01\/DSC_5787-768x1152.jpg 768w, https:\/\/fotokp.cz\/wp-content\/uploads\/2017\/01\/DSC_5787-682x1024.jpg 682w, https:\/\/fotokp.cz\/wp-content\/uploads\/2017\/01\/DSC_5787.jpg 873w\" sizes=\"(max-width: 200px) 100vw, 200px\" \/><\/a><\/p>\n<h4 style=\"text-align: center;\"><a href=\"http:\/\/fotokp.cz\/?page_id=23942\">St\u0159elice -K\u00e1cen\u00ed m\u00e1je &nbsp;08.07.2017<\/a><\/h4>\n<p style=\"text-align: center;\"><a href=\"http:\/\/fotokp.cz\/?page_id=23942\"><img loading=\"lazy\" decoding=\"async\" class=\"alignnone wp-image-24045 size-medium\" src=\"http:\/\/fotokp.cz\/wp-content\/uploads\/2017\/01\/DSC_7038-300x200.jpg\" alt=\"\" width=\"300\" height=\"200\" srcset=\"https:\/\/fotokp.cz\/wp-content\/uploads\/2017\/01\/DSC_7038-300x200.jpg 300w, https:\/\/fotokp.cz\/wp-content\/uploads\/2017\/01\/DSC_7038-768x513.jpg 768w, https:\/\/fotokp.cz\/wp-content\/uploads\/2017\/01\/DSC_7038-1024x684.jpg 1024w, https:\/\/fotokp.cz\/wp-content\/uploads\/2017\/01\/DSC_7038.jpg 1940w\" sizes=\"(max-width: 300px) 100vw, 300px\" \/><\/a><\/p>\n<h1 style=\"text-align: center;\">Plesy<\/h1>\n<h4 style=\"text-align: center;\"><a href=\"http:\/\/fotokp.cz\/?page_id=13484\">Velk\u00e9 B\u00edlovice &nbsp;04.02.2017<\/a><\/h4>\n<p><a href=\"http:\/\/fotokp.cz\/?page_id=13484\"><img loading=\"lazy\" decoding=\"async\" class=\"aligncenter wp-image-23909 size-medium\" src=\"http:\/\/fotokp.cz\/wp-content\/uploads\/2017\/01\/DSC_2376-300x200.jpg\" alt=\"\" width=\"300\" height=\"200\" srcset=\"https:\/\/fotokp.cz\/wp-content\/uploads\/2017\/01\/DSC_2376-300x200.jpg 300w, https:\/\/fotokp.cz\/wp-content\/uploads\/2017\/01\/DSC_2376-768x512.jpg 768w, https:\/\/fotokp.cz\/wp-content\/uploads\/2017\/01\/DSC_2376-1024x682.jpg 1024w, https:\/\/fotokp.cz\/wp-content\/uploads\/2017\/01\/DSC_2376.jpg 1940w\" sizes=\"(max-width: 300px) 100vw, 300px\" \/><\/a><\/p>\n<h4 style=\"text-align: center;\"><a href=\"http:\/\/fotokp.cz\/?page_id=31\">\u010cejkovice 28.01.2017<\/a><\/h4>\n<p><a href=\"http:\/\/fotokp.cz\/?page_id=31\"><img loading=\"lazy\" decoding=\"async\" class=\"aligncenter wp-image-23910 size-medium\" src=\"http:\/\/fotokp.cz\/wp-content\/uploads\/2017\/01\/DSC_1875-300x200.jpg\" alt=\"\" width=\"300\" height=\"200\" srcset=\"https:\/\/fotokp.cz\/wp-content\/uploads\/2017\/01\/DSC_1875-300x200.jpg 300w, https:\/\/fotokp.cz\/wp-content\/uploads\/2017\/01\/DSC_1875-768x512.jpg 768w, https:\/\/fotokp.cz\/wp-content\/uploads\/2017\/01\/DSC_1875-1024x683.jpg 1024w, https:\/\/fotokp.cz\/wp-content\/uploads\/2017\/01\/DSC_1875.jpg 1940w\" sizes=\"(max-width: 300px) 100vw, 300px\" \/><\/a><\/p>\n<h4 style=\"text-align: center;\"><a href=\"http:\/\/fotokp.cz\/?page_id=879\">St\u0159elice 14.01.2017<\/a><\/h4>\n<p style=\"text-align: center;\"><a href=\"http:\/\/fotokp.cz\/?page_id=879\"><img loading=\"lazy\" decoding=\"async\" class=\"alignnone wp-image-23911 size-medium\" src=\"http:\/\/fotokp.cz\/wp-content\/uploads\/2017\/01\/DSC_1511-300x200.jpg\" alt=\"\" width=\"300\" height=\"200\" srcset=\"https:\/\/fotokp.cz\/wp-content\/uploads\/2017\/01\/DSC_1511-300x200.jpg 300w, https:\/\/fotokp.cz\/wp-content\/uploads\/2017\/01\/DSC_1511-768x512.jpg 768w, https:\/\/fotokp.cz\/wp-content\/uploads\/2017\/01\/DSC_1511-1024x683.jpg 1024w, https:\/\/fotokp.cz\/wp-content\/uploads\/2017\/01\/DSC_1511.jpg 1940w\" sizes=\"(max-width: 300px) 100vw, 300px\" \/><\/a><\/p>\n<h1 style=\"text-align: center;\">Farnost<\/h1>\n<h4 class=\"entry-title\" style=\"text-align: center;\"><a href=\"http:\/\/fotokp.cz\/?page_id=20712\">Mikulov, Vina\u0159stv\u00ed u kapli\u010dky 18.02.2017<\/a><\/h4>\n<p class=\"entry-title\" style=\"text-align: center;\"><a href=\"http:\/\/fotokp.cz\/?page_id=20712\"><img loading=\"lazy\" decoding=\"async\" class=\"alignnone wp-image-23912 size-medium\" src=\"http:\/\/fotokp.cz\/wp-content\/uploads\/2017\/01\/DSC_1280-300x199.jpg\" alt=\"\" width=\"300\" height=\"199\" srcset=\"https:\/\/fotokp.cz\/wp-content\/uploads\/2017\/01\/DSC_1280-300x199.jpg 300w, https:\/\/fotokp.cz\/wp-content\/uploads\/2017\/01\/DSC_1280-768x511.jpg 768w, https:\/\/fotokp.cz\/wp-content\/uploads\/2017\/01\/DSC_1280-1024x681.jpg 1024w, https:\/\/fotokp.cz\/wp-content\/uploads\/2017\/01\/DSC_1280.jpg 1940w\" sizes=\"(max-width: 300px) 100vw, 300px\" \/><\/a><\/p>\n<h1 class=\"entry-title\" style=\"text-align: center;\">Ro\u010dn\u00edkov\u00e1 m\u00e1ja<\/h1>\n<h4 class=\"entry-title\" style=\"text-align: center;\"><a href=\"http:\/\/fotokp.cz\/?page_id=20995\">99 \u2013 30.04.2017<\/a><\/h4>\n<p class=\"entry-title\" style=\"text-align: center;\"><a href=\"http:\/\/fotokp.cz\/?page_id=20995\"><img loading=\"lazy\" decoding=\"async\" class=\"alignnone wp-image-23913 size-medium\" src=\"http:\/\/fotokp.cz\/wp-content\/uploads\/2017\/01\/DSCN8007-300x200.jpg\" alt=\"\" width=\"300\" height=\"200\" srcset=\"https:\/\/fotokp.cz\/wp-content\/uploads\/2017\/01\/DSCN8007-300x200.jpg 300w, https:\/\/fotokp.cz\/wp-content\/uploads\/2017\/01\/DSCN8007-768x512.jpg 768w, https:\/\/fotokp.cz\/wp-content\/uploads\/2017\/01\/DSCN8007-1024x682.jpg 1024w, https:\/\/fotokp.cz\/wp-content\/uploads\/2017\/01\/DSCN8007.jpg 1940w\" sizes=\"(max-width: 300px) 100vw, 300px\" \/><\/a><\/p>\n<p>&nbsp;<\/p>\n<h1 class=\"entry-title\" style=\"text-align: center;\">S\u0160EE Sokolnice<\/h1>\n<h4 style=\"text-align: center;\"><a href=\"http:\/\/fotokp.cz\/?page_id=21457\">P\u0159ed\u00e1v\u00e1n\u00ed v\u00fdu\u010dn\u00edho listu 19.06.2017<\/a><\/h4>\n<p style=\"text-align: center;\"><a href=\"http:\/\/fotokp.cz\/?page_id=21457\"><img loading=\"lazy\" decoding=\"async\" class=\"alignnone wp-image-23914 size-medium\" src=\"http:\/\/fotokp.cz\/wp-content\/uploads\/2017\/01\/DSC_6478-300x200.jpg\" alt=\"\" width=\"300\" height=\"200\" srcset=\"https:\/\/fotokp.cz\/wp-content\/uploads\/2017\/01\/DSC_6478-300x200.jpg 300w, https:\/\/fotokp.cz\/wp-content\/uploads\/2017\/01\/DSC_6478-768x512.jpg 768w, https:\/\/fotokp.cz\/wp-content\/uploads\/2017\/01\/DSC_6478-1024x682.jpg 1024w, https:\/\/fotokp.cz\/wp-content\/uploads\/2017\/01\/DSC_6478.jpg 1940w\" sizes=\"(max-width: 300px) 100vw, 300px\" \/><\/a><\/p>\n","protected":false},"excerpt":{"rendered":"<p>Hody St\u0159elice&nbsp; 13.-15.10.2017 &nbsp;Doln\u00ed Bojanovice &#8211; Pr\u016fvod 01.10.2017 St\u0159elice&nbsp;09. &#8211; 11.06.2017 St\u0159elice -K\u00e1cen\u00ed m\u00e1je &nbsp;08.07.2017 Plesy Velk\u00e9 B\u00edlovice &nbsp;04.02.2017 \u010cejkovice 28.01.2017 St\u0159elice 14.01.2017 Farnost Mikulov, Vina\u0159stv\u00ed u kapli\u010dky 18.02.2017 Ro\u010dn\u00edkov\u00e1 m\u00e1ja 99 \u2013 30.04.2017 &nbsp; S\u0160EE Sokolnice P\u0159ed\u00e1v\u00e1n\u00ed v\u00fdu\u010dn\u00edho listu 19.06.2017<\/p>\n","protected":false},"author":1,"featured_media":0,"parent":0,"menu_order":2017,"comment_status":"closed","ping_status":"closed","template":"","meta":{"_monsterinsights_skip_tracking":false,"_monsterinsights_sitenote_active":false,"_monsterinsights_sitenote_note":"","_monsterinsights_sitenote_category":0,"ngg_post_thumbnail":0,"footnotes":""},"_links":{"self":[{"href":"https:\/\/fotokp.cz\/index.php?rest_route=\/wp\/v2\/pages\/862"}],"collection":[{"href":"https:\/\/fotokp.cz\/index.php?rest_route=\/wp\/v2\/pages"}],"about":[{"href":"https:\/\/fotokp.cz\/index.php?rest_route=\/wp\/v2\/types\/page"}],"author":[{"embeddable":true,"href":"https:\/\/fotokp.cz\/index.php?rest_route=\/wp\/v2\/users\/1"}],"replies":[{"embeddable":true,"href":"https:\/\/fotokp.cz\/index.php?rest_route=%2Fwp%2Fv2%2Fcomments&post=862"}],"version-history":[{"count":12,"href":"https:\/\/fotokp.cz\/index.php?rest_route=\/wp\/v2\/pages\/862\/revisions"}],"predecessor-version":[{"id":31312,"href":"https:\/\/fotokp.cz\/index.php?rest_route=\/wp\/v2\/pages\/862\/revisions\/31312"}],"wp:attachment":[{"href":"https:\/\/fotokp.cz\/index.php?rest_route=%2Fwp%2Fv2%2Fmedia&parent=862"}],"curies":[{"name":"wp","href":"https:\/\/api.w.org\/{rel}","templated":true}]}}