{"id":31979,"date":"2023-02-22T15:44:39","date_gmt":"2023-02-22T14:44:39","guid":{"rendered":"http:\/\/fotokp.cz\/?page_id=31979"},"modified":"2023-02-27T17:47:37","modified_gmt":"2023-02-27T16:47:37","slug":"2023-2","status":"publish","type":"page","link":"https:\/\/fotokp.cz\/?page_id=31979","title":{"rendered":"2023"},"content":{"rendered":"\n<h1 class=\"has-text-align-center wp-block-heading\">Plesy<\/h1>\n\n\n\n<h4 class=\"has-text-align-center wp-block-heading\"><a href=\"https:\/\/fotokp.cz\/?page_id=31989\">\u017dat\u010dany 07.01.2023<\/a><\/h4>\n\n\n<div class=\"wp-block-image\">\n<figure class=\"aligncenter size-medium is-resized\"><a href=\"https:\/\/fotokp.cz\/?page_id=31989\"><img loading=\"lazy\" decoding=\"async\" src=\"http:\/\/fotokp.cz\/wp-content\/uploads\/2023\/02\/Zatcany-07.01.2023-300x200.jpg\" alt=\"\" class=\"wp-image-31980\" width=\"300\" height=\"200\" srcset=\"https:\/\/fotokp.cz\/wp-content\/uploads\/2023\/02\/Zatcany-07.01.2023-300x200.jpg 300w, https:\/\/fotokp.cz\/wp-content\/uploads\/2023\/02\/Zatcany-07.01.2023-768x512.jpg 768w, https:\/\/fotokp.cz\/wp-content\/uploads\/2023\/02\/Zatcany-07.01.2023.jpg 800w\" sizes=\"(max-width: 300px) 100vw, 300px\" \/><\/a><\/figure><\/div>\n\n\n<h4 class=\"has-text-align-center wp-block-heading\"><a href=\"https:\/\/fotokp.cz\/?page_id=31994\">St\u0159elice 14.01.2023<\/a><\/h4>\n\n\n<div class=\"wp-block-image\">\n<figure class=\"aligncenter size-medium\"><a href=\"https:\/\/fotokp.cz\/?page_id=31994\"><img loading=\"lazy\" decoding=\"async\" width=\"300\" height=\"200\" src=\"http:\/\/fotokp.cz\/wp-content\/uploads\/2023\/02\/Strelice-14.01.2023-300x200.jpg\" alt=\"\" class=\"wp-image-31981\" srcset=\"https:\/\/fotokp.cz\/wp-content\/uploads\/2023\/02\/Strelice-14.01.2023-300x200.jpg 300w, https:\/\/fotokp.cz\/wp-content\/uploads\/2023\/02\/Strelice-14.01.2023-768x512.jpg 768w, https:\/\/fotokp.cz\/wp-content\/uploads\/2023\/02\/Strelice-14.01.2023.jpg 800w\" sizes=\"(max-width: 300px) 100vw, 300px\" \/><\/a><\/figure><\/div>\n\n\n<h4 class=\"has-text-align-center wp-block-heading\"><a href=\"https:\/\/fotokp.cz\/?page_id=31997\">Svatobo\u0159ice 21.01.2023<\/a><\/h4>\n\n\n<div class=\"wp-block-image\">\n<figure class=\"aligncenter size-medium\"><a href=\"https:\/\/fotokp.cz\/?page_id=31997\"><img loading=\"lazy\" decoding=\"async\" width=\"300\" height=\"200\" src=\"http:\/\/fotokp.cz\/wp-content\/uploads\/2023\/02\/Svatoborice-21.01.2023-300x200.jpg\" alt=\"\" class=\"wp-image-31982\" srcset=\"https:\/\/fotokp.cz\/wp-content\/uploads\/2023\/02\/Svatoborice-21.01.2023-300x200.jpg 300w, https:\/\/fotokp.cz\/wp-content\/uploads\/2023\/02\/Svatoborice-21.01.2023-768x512.jpg 768w, https:\/\/fotokp.cz\/wp-content\/uploads\/2023\/02\/Svatoborice-21.01.2023.jpg 800w\" sizes=\"(max-width: 300px) 100vw, 300px\" \/><\/a><\/figure><\/div>\n\n\n<h4 class=\"has-text-align-center wp-block-heading\"><a href=\"https:\/\/fotokp.cz\/?page_id=32000\">\u010cejkovice 28.01.2023<\/a><\/h4>\n\n\n<div class=\"wp-block-image\">\n<figure class=\"aligncenter size-medium\"><a href=\"https:\/\/fotokp.cz\/?page_id=32000\"><img loading=\"lazy\" decoding=\"async\" width=\"300\" height=\"200\" src=\"http:\/\/fotokp.cz\/wp-content\/uploads\/2023\/02\/Cejkovice-28.01.2023-300x200.jpg\" alt=\"\" class=\"wp-image-31983\" srcset=\"https:\/\/fotokp.cz\/wp-content\/uploads\/2023\/02\/Cejkovice-28.01.2023-300x200.jpg 300w, https:\/\/fotokp.cz\/wp-content\/uploads\/2023\/02\/Cejkovice-28.01.2023-768x512.jpg 768w, https:\/\/fotokp.cz\/wp-content\/uploads\/2023\/02\/Cejkovice-28.01.2023.jpg 800w\" sizes=\"(max-width: 300px) 100vw, 300px\" \/><\/a><\/figure><\/div>\n\n\n<h4 class=\"has-text-align-center wp-block-heading\"><a href=\"https:\/\/fotokp.cz\/?page_id=32003\">Dambo\u0159ice 04.02.2023<\/a><\/h4>\n\n\n<div class=\"wp-block-image\">\n<figure class=\"aligncenter size-medium\"><a href=\"https:\/\/fotokp.cz\/?page_id=32003\"><img loading=\"lazy\" decoding=\"async\" width=\"300\" height=\"200\" src=\"http:\/\/fotokp.cz\/wp-content\/uploads\/2023\/02\/Damborice-04.02.2023-300x200.jpg\" alt=\"\" class=\"wp-image-31984\" srcset=\"https:\/\/fotokp.cz\/wp-content\/uploads\/2023\/02\/Damborice-04.02.2023-300x200.jpg 300w, https:\/\/fotokp.cz\/wp-content\/uploads\/2023\/02\/Damborice-04.02.2023-768x512.jpg 768w, https:\/\/fotokp.cz\/wp-content\/uploads\/2023\/02\/Damborice-04.02.2023.jpg 800w\" sizes=\"(max-width: 300px) 100vw, 300px\" \/><\/a><\/figure><\/div>\n\n\n<h4 class=\"has-text-align-center wp-block-heading\"><a href=\"https:\/\/fotokp.cz\/?page_id=32006\">O\u0159echov 11.02.2023<\/a><\/h4>\n\n\n<div class=\"wp-block-image\">\n<figure class=\"aligncenter size-medium\"><a href=\"https:\/\/fotokp.cz\/?page_id=32006\"><img loading=\"lazy\" decoding=\"async\" width=\"300\" height=\"200\" src=\"http:\/\/fotokp.cz\/wp-content\/uploads\/2023\/02\/Orechov-11.02.2023-300x200.jpg\" alt=\"\" class=\"wp-image-31985\" srcset=\"https:\/\/fotokp.cz\/wp-content\/uploads\/2023\/02\/Orechov-11.02.2023-300x200.jpg 300w, https:\/\/fotokp.cz\/wp-content\/uploads\/2023\/02\/Orechov-11.02.2023-768x512.jpg 768w, https:\/\/fotokp.cz\/wp-content\/uploads\/2023\/02\/Orechov-11.02.2023.jpg 800w\" sizes=\"(max-width: 300px) 100vw, 300px\" \/><\/a><\/figure><\/div>\n\n\n<h4 class=\"has-text-align-center wp-block-heading\"><a href=\"http:\/\/fotokp.cz\/?page_id=32751\">Boleradice 18.2.2023<\/a><\/h4>\n\n\n<div class=\"wp-block-image\">\n<figure class=\"aligncenter size-medium\"><a href=\"http:\/\/fotokp.cz\/?page_id=32751\"><img loading=\"lazy\" decoding=\"async\" width=\"300\" height=\"200\" src=\"http:\/\/fotokp.cz\/wp-content\/uploads\/2023\/02\/0141-300x200.jpg\" alt=\"\" class=\"wp-image-32978\" srcset=\"https:\/\/fotokp.cz\/wp-content\/uploads\/2023\/02\/0141-300x200.jpg 300w, https:\/\/fotokp.cz\/wp-content\/uploads\/2023\/02\/0141-1024x682.jpg 1024w, https:\/\/fotokp.cz\/wp-content\/uploads\/2023\/02\/0141-768x512.jpg 768w, https:\/\/fotokp.cz\/wp-content\/uploads\/2023\/02\/0141-1536x1024.jpg 1536w, https:\/\/fotokp.cz\/wp-content\/uploads\/2023\/02\/0141.jpg 1940w\" sizes=\"(max-width: 300px) 100vw, 300px\" \/><\/a><\/figure><\/div>","protected":false},"excerpt":{"rendered":"<p>Plesy \u017dat\u010dany 07.01.2023 St\u0159elice 14.01.2023 Svatobo\u0159ice 21.01.2023 \u010cejkovice 28.01.2023 Dambo\u0159ice 04.02.2023 O\u0159echov 11.02.2023 Boleradice 18.2.2023<\/p>\n","protected":false},"author":1,"featured_media":0,"parent":0,"menu_order":0,"comment_status":"closed","ping_status":"closed","template":"","meta":{"_monsterinsights_skip_tracking":false,"_monsterinsights_sitenote_active":false,"_monsterinsights_sitenote_note":"","_monsterinsights_sitenote_category":0,"ngg_post_thumbnail":0,"footnotes":""},"_links":{"self":[{"href":"https:\/\/fotokp.cz\/index.php?rest_route=\/wp\/v2\/pages\/31979"}],"collection":[{"href":"https:\/\/fotokp.cz\/index.php?rest_route=\/wp\/v2\/pages"}],"about":[{"href":"https:\/\/fotokp.cz\/index.php?rest_route=\/wp\/v2\/types\/page"}],"author":[{"embeddable":true,"href":"https:\/\/fotokp.cz\/index.php?rest_route=\/wp\/v2\/users\/1"}],"replies":[{"embeddable":true,"href":"https:\/\/fotokp.cz\/index.php?rest_route=%2Fwp%2Fv2%2Fcomments&post=31979"}],"version-history":[{"count":4,"href":"https:\/\/fotokp.cz\/index.php?rest_route=\/wp\/v2\/pages\/31979\/revisions"}],"predecessor-version":[{"id":32980,"href":"https:\/\/fotokp.cz\/index.php?rest_route=\/wp\/v2\/pages\/31979\/revisions\/32980"}],"wp:attachment":[{"href":"https:\/\/fotokp.cz\/index.php?rest_route=%2Fwp%2Fv2%2Fmedia&parent=31979"}],"curies":[{"name":"wp","href":"https:\/\/api.w.org\/{rel}","templated":true}]}}