{"id":31943,"date":"2021-10-31T16:33:17","date_gmt":"2021-10-31T15:33:17","guid":{"rendered":"http:\/\/fotokp.cz\/?page_id=31943"},"modified":"2021-11-02T13:31:43","modified_gmt":"2021-11-02T12:31:43","slug":"strelice-15-17-10-2021","status":"publish","type":"page","link":"https:\/\/fotokp.cz\/?page_id=31943","title":{"rendered":"St\u0159elice  15.-17.10.2021"},"content":{"rendered":"\n<p>V\u0161echny fotografie jsou ke sta\u017een\u00ed na tomto odkazu:<\/p>\n\n\n\n<p><a href=\"http:\/\/77.48.47.117:8888\/down\/TOBYno2dTolb\">St\u00e1hnout &#8211; Hody St\u0159elice 15.-17.10.2021<\/a><\/p>\n\n\n\n<!-- default-view.php -->\n<div\n\tclass=\"ngg-galleryoverview default-view \n\t\t\"\n\tid=\"ngg-gallery-b575f88c9be4801b642d7decc05d060a-1\">\n\n\t\t<!-- Thumbnails -->\n\t\t\t\t<div id=\"ngg-image-0\" class=\"ngg-gallery-thumbnail-box \n\t\t\t\t\t\t\t\t\t\t\t\" \n\t\t\t>\n\t\t\t\t\t\t<div class=\"ngg-gallery-thumbnail\">\n\t\t\t<a href=\"https:\/\/fotokp.cz\/wp-content\/gallery\/hody-strelice-15-17-10-2021\/DSC_9866.JPG\"\n\t\t\t\ttitle=\"\"\n\t\t\t\tdata-src=\"https:\/\/fotokp.cz\/wp-content\/gallery\/hody-strelice-15-17-10-2021\/DSC_9866.JPG\"\n\t\t\t\tdata-thumbnail=\"https:\/\/fotokp.cz\/wp-content\/gallery\/hody-strelice-15-17-10-2021\/thumbs\/thumbs_DSC_9866.JPG\"\n\t\t\t\tdata-image-id=\"16024\"\n\t\t\t\tdata-title=\"DSC_9866\"\n\t\t\t\tdata-description=\"\"\n\t\t\t\tdata-image-slug=\"dsc_9866\"\n\t\t\t\tclass=\"ngg-simplelightbox\" rel=\"b575f88c9be4801b642d7decc05d060a\">\n\t\t\t\t<img\n\t\t\t\t\ttitle=\"DSC_9866\"\n\t\t\t\t\talt=\"DSC_9866\"\n\t\t\t\t\tsrc=\"https:\/\/fotokp.cz\/wp-content\/gallery\/hody-strelice-15-17-10-2021\/thumbs\/thumbs_DSC_9866.JPG\"\n\t\t\t\t\twidth=\"240\"\n\t\t\t\t\theight=\"160\"\n\t\t\t\t\tstyle=\"max-width:100%;\"\n\t\t\t\t\/>\n\t\t\t<\/a>\n\t\t<\/div>\n\t\t\t\t\t\t\t<\/div> \n\t\t\t\n\t\t\t\t<div id=\"ngg-image-1\" class=\"ngg-gallery-thumbnail-box \n\t\t\t\t\t\t\t\t\t\t\t\" \n\t\t\t>\n\t\t\t\t\t\t<div class=\"ngg-gallery-thumbnail\">\n\t\t\t<a href=\"https:\/\/fotokp.cz\/wp-content\/gallery\/hody-strelice-15-17-10-2021\/DSC_0056.JPG\"\n\t\t\t\ttitle=\"\"\n\t\t\t\tdata-src=\"https:\/\/fotokp.cz\/wp-content\/gallery\/hody-strelice-15-17-10-2021\/DSC_0056.JPG\"\n\t\t\t\tdata-thumbnail=\"https:\/\/fotokp.cz\/wp-content\/gallery\/hody-strelice-15-17-10-2021\/thumbs\/thumbs_DSC_0056.JPG\"\n\t\t\t\tdata-image-id=\"16020\"\n\t\t\t\tdata-title=\"DSC_0056\"\n\t\t\t\tdata-description=\"\"\n\t\t\t\tdata-image-slug=\"dsc_0056-1\"\n\t\t\t\tclass=\"ngg-simplelightbox\" rel=\"b575f88c9be4801b642d7decc05d060a\">\n\t\t\t\t<img\n\t\t\t\t\ttitle=\"DSC_0056\"\n\t\t\t\t\talt=\"DSC_0056\"\n\t\t\t\t\tsrc=\"https:\/\/fotokp.cz\/wp-content\/gallery\/hody-strelice-15-17-10-2021\/thumbs\/thumbs_DSC_0056.JPG\"\n\t\t\t\t\twidth=\"240\"\n\t\t\t\t\theight=\"160\"\n\t\t\t\t\tstyle=\"max-width:100%;\"\n\t\t\t\t\/>\n\t\t\t<\/a>\n\t\t<\/div>\n\t\t\t\t\t\t\t<\/div> \n\t\t\t\n\t\t\t\t<div id=\"ngg-image-2\" class=\"ngg-gallery-thumbnail-box \n\t\t\t\t\t\t\t\t\t\t\t\" \n\t\t\t>\n\t\t\t\t\t\t<div class=\"ngg-gallery-thumbnail\">\n\t\t\t<a href=\"https:\/\/fotokp.cz\/wp-content\/gallery\/hody-strelice-15-17-10-2021\/DSC_0160.JPG\"\n\t\t\t\ttitle=\"\"\n\t\t\t\tdata-src=\"https:\/\/fotokp.cz\/wp-content\/gallery\/hody-strelice-15-17-10-2021\/DSC_0160.JPG\"\n\t\t\t\tdata-thumbnail=\"https:\/\/fotokp.cz\/wp-content\/gallery\/hody-strelice-15-17-10-2021\/thumbs\/thumbs_DSC_0160.JPG\"\n\t\t\t\tdata-image-id=\"16017\"\n\t\t\t\tdata-title=\"DSC_0160\"\n\t\t\t\tdata-description=\"\"\n\t\t\t\tdata-image-slug=\"dsc_0160-2\"\n\t\t\t\tclass=\"ngg-simplelightbox\" rel=\"b575f88c9be4801b642d7decc05d060a\">\n\t\t\t\t<img\n\t\t\t\t\ttitle=\"DSC_0160\"\n\t\t\t\t\talt=\"DSC_0160\"\n\t\t\t\t\tsrc=\"https:\/\/fotokp.cz\/wp-content\/gallery\/hody-strelice-15-17-10-2021\/thumbs\/thumbs_DSC_0160.JPG\"\n\t\t\t\t\twidth=\"240\"\n\t\t\t\t\theight=\"160\"\n\t\t\t\t\tstyle=\"max-width:100%;\"\n\t\t\t\t\/>\n\t\t\t<\/a>\n\t\t<\/div>\n\t\t\t\t\t\t\t<\/div> \n\t\t\t\n\t\t\t\t<div id=\"ngg-image-3\" class=\"ngg-gallery-thumbnail-box \n\t\t\t\t\t\t\t\t\t\t\t\" \n\t\t\t>\n\t\t\t\t\t\t<div class=\"ngg-gallery-thumbnail\">\n\t\t\t<a href=\"https:\/\/fotokp.cz\/wp-content\/gallery\/hody-strelice-15-17-10-2021\/DSC_0548.JPG\"\n\t\t\t\ttitle=\"\"\n\t\t\t\tdata-src=\"https:\/\/fotokp.cz\/wp-content\/gallery\/hody-strelice-15-17-10-2021\/DSC_0548.JPG\"\n\t\t\t\tdata-thumbnail=\"https:\/\/fotokp.cz\/wp-content\/gallery\/hody-strelice-15-17-10-2021\/thumbs\/thumbs_DSC_0548.JPG\"\n\t\t\t\tdata-image-id=\"16019\"\n\t\t\t\tdata-title=\"DSC_0548\"\n\t\t\t\tdata-description=\"\"\n\t\t\t\tdata-image-slug=\"dsc_0548-2\"\n\t\t\t\tclass=\"ngg-simplelightbox\" rel=\"b575f88c9be4801b642d7decc05d060a\">\n\t\t\t\t<img\n\t\t\t\t\ttitle=\"DSC_0548\"\n\t\t\t\t\talt=\"DSC_0548\"\n\t\t\t\t\tsrc=\"https:\/\/fotokp.cz\/wp-content\/gallery\/hody-strelice-15-17-10-2021\/thumbs\/thumbs_DSC_0548.JPG\"\n\t\t\t\t\twidth=\"240\"\n\t\t\t\t\theight=\"160\"\n\t\t\t\t\tstyle=\"max-width:100%;\"\n\t\t\t\t\/>\n\t\t\t<\/a>\n\t\t<\/div>\n\t\t\t\t\t\t\t<\/div> \n\t\t\t\n\t\t\t\t<div id=\"ngg-image-4\" class=\"ngg-gallery-thumbnail-box \n\t\t\t\t\t\t\t\t\t\t\t\" \n\t\t\t>\n\t\t\t\t\t\t<div class=\"ngg-gallery-thumbnail\">\n\t\t\t<a href=\"https:\/\/fotokp.cz\/wp-content\/gallery\/hody-strelice-15-17-10-2021\/DSC_0662.JPG\"\n\t\t\t\ttitle=\"\"\n\t\t\t\tdata-src=\"https:\/\/fotokp.cz\/wp-content\/gallery\/hody-strelice-15-17-10-2021\/DSC_0662.JPG\"\n\t\t\t\tdata-thumbnail=\"https:\/\/fotokp.cz\/wp-content\/gallery\/hody-strelice-15-17-10-2021\/thumbs\/thumbs_DSC_0662.JPG\"\n\t\t\t\tdata-image-id=\"16022\"\n\t\t\t\tdata-title=\"DSC_0662\"\n\t\t\t\tdata-description=\"\"\n\t\t\t\tdata-image-slug=\"dsc_0662-2\"\n\t\t\t\tclass=\"ngg-simplelightbox\" rel=\"b575f88c9be4801b642d7decc05d060a\">\n\t\t\t\t<img\n\t\t\t\t\ttitle=\"DSC_0662\"\n\t\t\t\t\talt=\"DSC_0662\"\n\t\t\t\t\tsrc=\"https:\/\/fotokp.cz\/wp-content\/gallery\/hody-strelice-15-17-10-2021\/thumbs\/thumbs_DSC_0662.JPG\"\n\t\t\t\t\twidth=\"240\"\n\t\t\t\t\theight=\"160\"\n\t\t\t\t\tstyle=\"max-width:100%;\"\n\t\t\t\t\/>\n\t\t\t<\/a>\n\t\t<\/div>\n\t\t\t\t\t\t\t<\/div> \n\t\t\t\n\t\t\t\t<div id=\"ngg-image-5\" class=\"ngg-gallery-thumbnail-box \n\t\t\t\t\t\t\t\t\t\t\t\" \n\t\t\t>\n\t\t\t\t\t\t<div class=\"ngg-gallery-thumbnail\">\n\t\t\t<a href=\"https:\/\/fotokp.cz\/wp-content\/gallery\/hody-strelice-15-17-10-2021\/DSC_0900.JPG\"\n\t\t\t\ttitle=\"\"\n\t\t\t\tdata-src=\"https:\/\/fotokp.cz\/wp-content\/gallery\/hody-strelice-15-17-10-2021\/DSC_0900.JPG\"\n\t\t\t\tdata-thumbnail=\"https:\/\/fotokp.cz\/wp-content\/gallery\/hody-strelice-15-17-10-2021\/thumbs\/thumbs_DSC_0900.JPG\"\n\t\t\t\tdata-image-id=\"16021\"\n\t\t\t\tdata-title=\"DSC_0900\"\n\t\t\t\tdata-description=\"\"\n\t\t\t\tdata-image-slug=\"dsc_0900-3\"\n\t\t\t\tclass=\"ngg-simplelightbox\" rel=\"b575f88c9be4801b642d7decc05d060a\">\n\t\t\t\t<img\n\t\t\t\t\ttitle=\"DSC_0900\"\n\t\t\t\t\talt=\"DSC_0900\"\n\t\t\t\t\tsrc=\"https:\/\/fotokp.cz\/wp-content\/gallery\/hody-strelice-15-17-10-2021\/thumbs\/thumbs_DSC_0900.JPG\"\n\t\t\t\t\twidth=\"240\"\n\t\t\t\t\theight=\"160\"\n\t\t\t\t\tstyle=\"max-width:100%;\"\n\t\t\t\t\/>\n\t\t\t<\/a>\n\t\t<\/div>\n\t\t\t\t\t\t\t<\/div> \n\t\t\t\n\t\t\t\t<div id=\"ngg-image-6\" class=\"ngg-gallery-thumbnail-box \n\t\t\t\t\t\t\t\t\t\t\t\" \n\t\t\t>\n\t\t\t\t\t\t<div class=\"ngg-gallery-thumbnail\">\n\t\t\t<a href=\"https:\/\/fotokp.cz\/wp-content\/gallery\/hody-strelice-15-17-10-2021\/DSC_1050.JPG\"\n\t\t\t\ttitle=\"\"\n\t\t\t\tdata-src=\"https:\/\/fotokp.cz\/wp-content\/gallery\/hody-strelice-15-17-10-2021\/DSC_1050.JPG\"\n\t\t\t\tdata-thumbnail=\"https:\/\/fotokp.cz\/wp-content\/gallery\/hody-strelice-15-17-10-2021\/thumbs\/thumbs_DSC_1050.JPG\"\n\t\t\t\tdata-image-id=\"16018\"\n\t\t\t\tdata-title=\"DSC_1050\"\n\t\t\t\tdata-description=\"\"\n\t\t\t\tdata-image-slug=\"dsc_1050-1\"\n\t\t\t\tclass=\"ngg-simplelightbox\" rel=\"b575f88c9be4801b642d7decc05d060a\">\n\t\t\t\t<img\n\t\t\t\t\ttitle=\"DSC_1050\"\n\t\t\t\t\talt=\"DSC_1050\"\n\t\t\t\t\tsrc=\"https:\/\/fotokp.cz\/wp-content\/gallery\/hody-strelice-15-17-10-2021\/thumbs\/thumbs_DSC_1050.JPG\"\n\t\t\t\t\twidth=\"240\"\n\t\t\t\t\theight=\"160\"\n\t\t\t\t\tstyle=\"max-width:100%;\"\n\t\t\t\t\/>\n\t\t\t<\/a>\n\t\t<\/div>\n\t\t\t\t\t\t\t<\/div> \n\t\t\t\n\t\t\t\t<div id=\"ngg-image-7\" class=\"ngg-gallery-thumbnail-box \n\t\t\t\t\t\t\t\t\t\t\t\" \n\t\t\t>\n\t\t\t\t\t\t<div class=\"ngg-gallery-thumbnail\">\n\t\t\t<a href=\"https:\/\/fotokp.cz\/wp-content\/gallery\/hody-strelice-15-17-10-2021\/DSC_1187.JPG\"\n\t\t\t\ttitle=\"\"\n\t\t\t\tdata-src=\"https:\/\/fotokp.cz\/wp-content\/gallery\/hody-strelice-15-17-10-2021\/DSC_1187.JPG\"\n\t\t\t\tdata-thumbnail=\"https:\/\/fotokp.cz\/wp-content\/gallery\/hody-strelice-15-17-10-2021\/thumbs\/thumbs_DSC_1187.JPG\"\n\t\t\t\tdata-image-id=\"16023\"\n\t\t\t\tdata-title=\"DSC_1187\"\n\t\t\t\tdata-description=\"\"\n\t\t\t\tdata-image-slug=\"dsc_1187-2\"\n\t\t\t\tclass=\"ngg-simplelightbox\" rel=\"b575f88c9be4801b642d7decc05d060a\">\n\t\t\t\t<img\n\t\t\t\t\ttitle=\"DSC_1187\"\n\t\t\t\t\talt=\"DSC_1187\"\n\t\t\t\t\tsrc=\"https:\/\/fotokp.cz\/wp-content\/gallery\/hody-strelice-15-17-10-2021\/thumbs\/thumbs_DSC_1187.JPG\"\n\t\t\t\t\twidth=\"240\"\n\t\t\t\t\theight=\"160\"\n\t\t\t\t\tstyle=\"max-width:100%;\"\n\t\t\t\t\/>\n\t\t\t<\/a>\n\t\t<\/div>\n\t\t\t\t\t\t\t<\/div> \n\t\t\t\n\t\n\t<br style=\"clear: both\" \/>\n\n\t\n\t\t<!-- Pagination -->\n\t\t<div class='ngg-clear'><\/div>\t<\/div>\n\n","protected":false},"excerpt":{"rendered":"<p>V\u0161echny fotografie jsou ke sta\u017een\u00ed na tomto odkazu: St\u00e1hnout &#8211; Hody St\u0159elice 15.-17.10.2021<\/p>\n","protected":false},"author":1,"featured_media":0,"parent":31950,"menu_order":0,"comment_status":"closed","ping_status":"closed","template":"","meta":{"_monsterinsights_skip_tracking":false,"_monsterinsights_sitenote_active":false,"_monsterinsights_sitenote_note":"","_monsterinsights_sitenote_category":0,"ngg_post_thumbnail":0,"footnotes":""},"_links":{"self":[{"href":"https:\/\/fotokp.cz\/index.php?rest_route=\/wp\/v2\/pages\/31943"}],"collection":[{"href":"https:\/\/fotokp.cz\/index.php?rest_route=\/wp\/v2\/pages"}],"about":[{"href":"https:\/\/fotokp.cz\/index.php?rest_route=\/wp\/v2\/types\/page"}],"author":[{"embeddable":true,"href":"https:\/\/fotokp.cz\/index.php?rest_route=\/wp\/v2\/users\/1"}],"replies":[{"embeddable":true,"href":"https:\/\/fotokp.cz\/index.php?rest_route=%2Fwp%2Fv2%2Fcomments&post=31943"}],"version-history":[{"count":5,"href":"https:\/\/fotokp.cz\/index.php?rest_route=\/wp\/v2\/pages\/31943\/revisions"}],"predecessor-version":[{"id":31976,"href":"https:\/\/fotokp.cz\/index.php?rest_route=\/wp\/v2\/pages\/31943\/revisions\/31976"}],"up":[{"embeddable":true,"href":"https:\/\/fotokp.cz\/index.php?rest_route=\/wp\/v2\/pages\/31950"}],"wp:attachment":[{"href":"https:\/\/fotokp.cz\/index.php?rest_route=%2Fwp%2Fv2%2Fmedia&parent=31943"}],"curies":[{"name":"wp","href":"https:\/\/api.w.org\/{rel}","templated":true}]}}