{"id":31321,"date":"2020-01-21T20:27:42","date_gmt":"2020-01-21T19:27:42","guid":{"rendered":"http:\/\/fotokp.cz\/?page_id=31321"},"modified":"2020-06-17T19:22:14","modified_gmt":"2020-06-17T18:22:14","slug":"2020-2","status":"publish","type":"page","link":"https:\/\/fotokp.cz\/?page_id=31321","title":{"rendered":"2020"},"content":{"rendered":"<h1 style=\"text-align: center;\">Hody<\/h1>\n<h4 class=\"entry-title\" style=\"text-align: center;\"><a href=\"http:\/\/fotokp.cz\/?page_id=31812\">St\u0159elice &#8211; 07.06.2020<\/a><\/h4>\n<p style=\"text-align: center;\"><a href=\"http:\/\/fotokp.cz\/?page_id=31812\"><img loading=\"lazy\" decoding=\"async\" class=\"alignnone size-medium wp-image-31934\" src=\"http:\/\/fotokp.cz\/wp-content\/uploads\/2020\/06\/DSC_3725-300x200.jpg\" alt=\"\" width=\"300\" height=\"200\" srcset=\"https:\/\/fotokp.cz\/wp-content\/uploads\/2020\/06\/DSC_3725-300x200.jpg 300w, https:\/\/fotokp.cz\/wp-content\/uploads\/2020\/06\/DSC_3725-1024x683.jpg 1024w, https:\/\/fotokp.cz\/wp-content\/uploads\/2020\/06\/DSC_3725-768x512.jpg 768w, https:\/\/fotokp.cz\/wp-content\/uploads\/2020\/06\/DSC_3725-1536x1024.jpg 1536w, https:\/\/fotokp.cz\/wp-content\/uploads\/2020\/06\/DSC_3725.jpg 1920w\" sizes=\"(max-width: 300px) 100vw, 300px\" \/><\/a><\/p>\n<h1 style=\"text-align: center;\">Plesy<\/h1>\n<h4 style=\"text-align: center;\"><a href=\"http:\/\/fotokp.cz\/?page_id=31323\">\u017dat\u010dany &#8211; 04.01.2020<\/a><\/h4>\n<p style=\"text-align: center;\"><a href=\"http:\/\/fotokp.cz\/?page_id=31323\"><img loading=\"lazy\" decoding=\"async\" class=\"alignnone size-medium wp-image-31322\" src=\"http:\/\/fotokp.cz\/wp-content\/uploads\/2020\/01\/DSC_0921-300x200.jpg\" alt=\"\" width=\"300\" height=\"200\" srcset=\"https:\/\/fotokp.cz\/wp-content\/uploads\/2020\/01\/DSC_0921-300x200.jpg 300w, https:\/\/fotokp.cz\/wp-content\/uploads\/2020\/01\/DSC_0921-1024x683.jpg 1024w, https:\/\/fotokp.cz\/wp-content\/uploads\/2020\/01\/DSC_0921-768x512.jpg 768w, https:\/\/fotokp.cz\/wp-content\/uploads\/2020\/01\/DSC_0921-1536x1024.jpg 1536w, https:\/\/fotokp.cz\/wp-content\/uploads\/2020\/01\/DSC_0921-2048x1365.jpg 2048w\" sizes=\"(max-width: 300px) 100vw, 300px\" \/><\/a><\/p>\n<h4 style=\"text-align: center;\"><a href=\"http:\/\/fotokp.cz\/?page_id=31442\">St\u0159elice &#8211; 11.01.2020<\/a><\/h4>\n<p style=\"text-align: center;\"><a href=\"http:\/\/fotokp.cz\/?page_id=31442\"><img loading=\"lazy\" decoding=\"async\" class=\"alignnone wp-image-31654 size-medium\" src=\"http:\/\/fotokp.cz\/wp-content\/uploads\/2020\/01\/DSC_1386-300x200.jpg\" alt=\"\" width=\"300\" height=\"200\" srcset=\"https:\/\/fotokp.cz\/wp-content\/uploads\/2020\/01\/DSC_1386-300x200.jpg 300w, https:\/\/fotokp.cz\/wp-content\/uploads\/2020\/01\/DSC_1386-1024x682.jpg 1024w, https:\/\/fotokp.cz\/wp-content\/uploads\/2020\/01\/DSC_1386-768x512.jpg 768w, https:\/\/fotokp.cz\/wp-content\/uploads\/2020\/01\/DSC_1386-1536x1024.jpg 1536w, https:\/\/fotokp.cz\/wp-content\/uploads\/2020\/01\/DSC_1386.jpg 1940w\" sizes=\"(max-width: 300px) 100vw, 300px\" \/><\/a><\/p>\n\n\n<p class=\"has-text-align-center\"><\/p>\n","protected":false},"excerpt":{"rendered":"<p>Hody St\u0159elice &#8211; 07.06.2020 Plesy \u017dat\u010dany &#8211; 04.01.2020 St\u0159elice &#8211; 11.01.2020<\/p>\n","protected":false},"author":1,"featured_media":0,"parent":0,"menu_order":0,"comment_status":"closed","ping_status":"closed","template":"","meta":{"_monsterinsights_skip_tracking":false,"_monsterinsights_sitenote_active":false,"_monsterinsights_sitenote_note":"","_monsterinsights_sitenote_category":0,"ngg_post_thumbnail":0,"footnotes":""},"_links":{"self":[{"href":"https:\/\/fotokp.cz\/index.php?rest_route=\/wp\/v2\/pages\/31321"}],"collection":[{"href":"https:\/\/fotokp.cz\/index.php?rest_route=\/wp\/v2\/pages"}],"about":[{"href":"https:\/\/fotokp.cz\/index.php?rest_route=\/wp\/v2\/types\/page"}],"author":[{"embeddable":true,"href":"https:\/\/fotokp.cz\/index.php?rest_route=\/wp\/v2\/users\/1"}],"replies":[{"embeddable":true,"href":"https:\/\/fotokp.cz\/index.php?rest_route=%2Fwp%2Fv2%2Fcomments&post=31321"}],"version-history":[{"count":7,"href":"https:\/\/fotokp.cz\/index.php?rest_route=\/wp\/v2\/pages\/31321\/revisions"}],"predecessor-version":[{"id":31938,"href":"https:\/\/fotokp.cz\/index.php?rest_route=\/wp\/v2\/pages\/31321\/revisions\/31938"}],"wp:attachment":[{"href":"https:\/\/fotokp.cz\/index.php?rest_route=%2Fwp%2Fv2%2Fmedia&parent=31321"}],"curies":[{"name":"wp","href":"https:\/\/api.w.org\/{rel}","templated":true}]}}