{"id":30573,"date":"2019-02-06T21:14:11","date_gmt":"2019-02-06T20:14:11","guid":{"rendered":"http:\/\/fotokp.cz\/?page_id=30573"},"modified":"2020-01-11T10:09:35","modified_gmt":"2020-01-11T09:09:35","slug":"2019-2","status":"publish","type":"page","link":"https:\/\/fotokp.cz\/?page_id=30573","title":{"rendered":"2019"},"content":{"rendered":"<h1 style=\"text-align: center;\">Plesy<\/h1>\n<h4 style=\"text-align: center;\"><a href=\"http:\/\/fotokp.cz\/?page_id=30578\">\u017dat\u010dany &#8211; 05.01.2019<\/a><\/h4>\n<p style=\"text-align: center;\"><a href=\"http:\/\/fotokp.cz\/?page_id=30578\"><img loading=\"lazy\" decoding=\"async\" class=\"alignnone wp-image-30580 size-medium\" src=\"http:\/\/fotokp.cz\/wp-content\/uploads\/2019\/02\/\u017dat\u010dany-05.01.2019-300x200.jpg\" alt=\"\" width=\"300\" height=\"200\" srcset=\"https:\/\/fotokp.cz\/wp-content\/uploads\/2019\/02\/\u017dat\u010dany-05.01.2019-300x200.jpg 300w, https:\/\/fotokp.cz\/wp-content\/uploads\/2019\/02\/\u017dat\u010dany-05.01.2019-768x512.jpg 768w, https:\/\/fotokp.cz\/wp-content\/uploads\/2019\/02\/\u017dat\u010dany-05.01.2019-1024x683.jpg 1024w\" sizes=\"(max-width: 300px) 100vw, 300px\" \/><\/a><\/p>\n<h4 style=\"text-align: center;\"><a href=\"http:\/\/fotokp.cz\/?page_id=30700\">St\u0159elice &#8211; 12.01.2019<\/a><\/h4>\n<p style=\"text-align: center;\"><a href=\"http:\/\/fotokp.cz\/?page_id=30700\"><img loading=\"lazy\" decoding=\"async\" class=\"alignnone wp-image-30703 size-medium\" src=\"http:\/\/fotokp.cz\/wp-content\/uploads\/2020\/01\/DSC_9326-1-300x200.jpg\" alt=\"\" width=\"300\" height=\"200\" srcset=\"https:\/\/fotokp.cz\/wp-content\/uploads\/2020\/01\/DSC_9326-1-300x200.jpg 300w, https:\/\/fotokp.cz\/wp-content\/uploads\/2020\/01\/DSC_9326-1-1024x682.jpg 1024w, https:\/\/fotokp.cz\/wp-content\/uploads\/2020\/01\/DSC_9326-1-768x512.jpg 768w, https:\/\/fotokp.cz\/wp-content\/uploads\/2020\/01\/DSC_9326-1-1536x1024.jpg 1536w, https:\/\/fotokp.cz\/wp-content\/uploads\/2020\/01\/DSC_9326-1.jpg 1940w\" sizes=\"(max-width: 300px) 100vw, 300px\" \/><\/a><\/p>\n<h4 style=\"text-align: center;\"><a href=\"http:\/\/fotokp.cz\/?page_id=30587\">Valtice &#8211; 02.02.2019<\/a><\/h4>\n<p style=\"text-align: center;\"><a href=\"http:\/\/fotokp.cz\/?page_id=30587\"><img loading=\"lazy\" decoding=\"async\" class=\"alignnone size-medium wp-image-30585\" src=\"http:\/\/fotokp.cz\/wp-content\/uploads\/2019\/02\/Valtice-02.02.2019-300x200.jpg\" alt=\"\" width=\"300\" height=\"200\" srcset=\"https:\/\/fotokp.cz\/wp-content\/uploads\/2019\/02\/Valtice-02.02.2019-300x200.jpg 300w, https:\/\/fotokp.cz\/wp-content\/uploads\/2019\/02\/Valtice-02.02.2019-768x512.jpg 768w, https:\/\/fotokp.cz\/wp-content\/uploads\/2019\/02\/Valtice-02.02.2019-1024x683.jpg 1024w\" sizes=\"(max-width: 300px) 100vw, 300px\" \/><\/a><\/p>\n<h4 style=\"text-align: center;\"><a href=\"http:\/\/fotokp.cz\/?page_id=31145\">Podiv\u00edn &#8211; 16.02.2019<\/a><\/h4>\n<p style=\"text-align: center;\"><a href=\"http:\/\/fotokp.cz\/?page_id=31145\"><img loading=\"lazy\" decoding=\"async\" class=\"alignnone wp-image-31151 size-medium\" src=\"http:\/\/fotokp.cz\/wp-content\/uploads\/2020\/01\/DSC_0543-300x200.jpg\" alt=\"\" width=\"300\" height=\"200\" srcset=\"https:\/\/fotokp.cz\/wp-content\/uploads\/2020\/01\/DSC_0543-300x200.jpg 300w, https:\/\/fotokp.cz\/wp-content\/uploads\/2020\/01\/DSC_0543-1024x683.jpg 1024w, https:\/\/fotokp.cz\/wp-content\/uploads\/2020\/01\/DSC_0543-768x512.jpg 768w, https:\/\/fotokp.cz\/wp-content\/uploads\/2020\/01\/DSC_0543-1536x1024.jpg 1536w, https:\/\/fotokp.cz\/wp-content\/uploads\/2020\/01\/DSC_0543-2048x1365.jpg 2048w\" sizes=\"(max-width: 300px) 100vw, 300px\" \/><\/a><\/p>\n<h4 style=\"text-align: center;\"><a href=\"http:\/\/fotokp.cz\/?page_id=31147\">Dambo\u0159ice 23.02.2019<\/a><\/h4>\n<p style=\"text-align: center;\"><a href=\"http:\/\/fotokp.cz\/?page_id=31147\"><img loading=\"lazy\" decoding=\"async\" class=\"alignnone size-medium wp-image-31152\" src=\"http:\/\/fotokp.cz\/wp-content\/uploads\/2020\/01\/DSC_0797-300x200.jpg\" alt=\"\" width=\"300\" height=\"200\" srcset=\"https:\/\/fotokp.cz\/wp-content\/uploads\/2020\/01\/DSC_0797-300x200.jpg 300w, https:\/\/fotokp.cz\/wp-content\/uploads\/2020\/01\/DSC_0797-1024x683.jpg 1024w, https:\/\/fotokp.cz\/wp-content\/uploads\/2020\/01\/DSC_0797-768x512.jpg 768w, https:\/\/fotokp.cz\/wp-content\/uploads\/2020\/01\/DSC_0797-1536x1024.jpg 1536w, https:\/\/fotokp.cz\/wp-content\/uploads\/2020\/01\/DSC_0797-2048x1365.jpg 2048w\" sizes=\"(max-width: 300px) 100vw, 300px\" \/><\/a><\/p>\n","protected":false},"excerpt":{"rendered":"<p>Plesy \u017dat\u010dany &#8211; 05.01.2019 St\u0159elice &#8211; 12.01.2019 Valtice &#8211; 02.02.2019 Podiv\u00edn &#8211; 16.02.2019 Dambo\u0159ice 23.02.2019<\/p>\n","protected":false},"author":1,"featured_media":0,"parent":0,"menu_order":0,"comment_status":"closed","ping_status":"closed","template":"","meta":{"_monsterinsights_skip_tracking":false,"_monsterinsights_sitenote_active":false,"_monsterinsights_sitenote_note":"","_monsterinsights_sitenote_category":0,"ngg_post_thumbnail":0,"footnotes":""},"_links":{"self":[{"href":"https:\/\/fotokp.cz\/index.php?rest_route=\/wp\/v2\/pages\/30573"}],"collection":[{"href":"https:\/\/fotokp.cz\/index.php?rest_route=\/wp\/v2\/pages"}],"about":[{"href":"https:\/\/fotokp.cz\/index.php?rest_route=\/wp\/v2\/types\/page"}],"author":[{"embeddable":true,"href":"https:\/\/fotokp.cz\/index.php?rest_route=\/wp\/v2\/users\/1"}],"replies":[{"embeddable":true,"href":"https:\/\/fotokp.cz\/index.php?rest_route=%2Fwp%2Fv2%2Fcomments&post=30573"}],"version-history":[{"count":11,"href":"https:\/\/fotokp.cz\/index.php?rest_route=\/wp\/v2\/pages\/30573\/revisions"}],"predecessor-version":[{"id":31314,"href":"https:\/\/fotokp.cz\/index.php?rest_route=\/wp\/v2\/pages\/30573\/revisions\/31314"}],"wp:attachment":[{"href":"https:\/\/fotokp.cz\/index.php?rest_route=%2Fwp%2Fv2%2Fmedia&parent=30573"}],"curies":[{"name":"wp","href":"https:\/\/api.w.org\/{rel}","templated":true}]}}