{"id":24,"date":"2017-01-29T12:31:10","date_gmt":"2017-01-29T11:31:10","guid":{"rendered":"http:\/\/fotokp.cz\/?page_id=24"},"modified":"2020-01-05T17:39:02","modified_gmt":"2020-01-05T16:39:02","slug":"domu","status":"publish","type":"page","link":"https:\/\/fotokp.cz\/","title":{"rendered":"Dom\u016f"},"content":{"rendered":"<h4><img loading=\"lazy\" decoding=\"async\" class=\"size-medium wp-image-16444 alignright\" src=\"http:\/\/fotokp.cz\/wp-content\/uploads\/2017\/02\/Logo-300x103.jpg\" alt=\"\" width=\"300\" height=\"103\" srcset=\"https:\/\/fotokp.cz\/wp-content\/uploads\/2017\/02\/Logo-300x103.jpg 300w, https:\/\/fotokp.cz\/wp-content\/uploads\/2017\/02\/Logo.jpg 350w\" sizes=\"(max-width: 300px) 100vw, 300px\" \/>Fotografie jsou v mal\u00e9m rozli\u0161en\u00ed, pokud n\u011bkdo bude cht\u00edt fotografie v kvalitn\u00edm rozli\u0161en\u00ed m\u016f\u017ee si o n\u011b napsat na m\u016fj email.<\/h4>\n<h4>Jak\u00e9koliv dotazy nebo informace lze ps\u00e1t na emailovou adresu: &nbsp;<strong>kalvoda@fotokp.cz<\/strong><\/h4>\n<h4 style=\"text-align: right;\">Kalvoda Pavel<\/h4>\n","protected":false},"excerpt":{"rendered":"<p>Fotografie jsou v mal\u00e9m rozli\u0161en\u00ed, pokud n\u011bkdo bude cht\u00edt fotografie v kvalitn\u00edm rozli\u0161en\u00ed m\u016f\u017ee si o n\u011b napsat na m\u016fj email. Jak\u00e9koliv dotazy nebo informace lze ps\u00e1t na emailovou adresu: &nbsp;kalvoda@fotokp.cz Kalvoda Pavel<\/p>\n","protected":false},"author":1,"featured_media":0,"parent":0,"menu_order":0,"comment_status":"open","ping_status":"closed","template":"","meta":{"_monsterinsights_skip_tracking":false,"_monsterinsights_sitenote_active":false,"_monsterinsights_sitenote_note":"","_monsterinsights_sitenote_category":0,"ngg_post_thumbnail":0,"footnotes":""},"_links":{"self":[{"href":"https:\/\/fotokp.cz\/index.php?rest_route=\/wp\/v2\/pages\/24"}],"collection":[{"href":"https:\/\/fotokp.cz\/index.php?rest_route=\/wp\/v2\/pages"}],"about":[{"href":"https:\/\/fotokp.cz\/index.php?rest_route=\/wp\/v2\/types\/page"}],"author":[{"embeddable":true,"href":"https:\/\/fotokp.cz\/index.php?rest_route=\/wp\/v2\/users\/1"}],"replies":[{"embeddable":true,"href":"https:\/\/fotokp.cz\/index.php?rest_route=%2Fwp%2Fv2%2Fcomments&post=24"}],"version-history":[{"count":13,"href":"https:\/\/fotokp.cz\/index.php?rest_route=\/wp\/v2\/pages\/24\/revisions"}],"predecessor-version":[{"id":30699,"href":"https:\/\/fotokp.cz\/index.php?rest_route=\/wp\/v2\/pages\/24\/revisions\/30699"}],"wp:attachment":[{"href":"https:\/\/fotokp.cz\/index.php?rest_route=%2Fwp%2Fv2%2Fmedia&parent=24"}],"curies":[{"name":"wp","href":"https:\/\/api.w.org\/{rel}","templated":true}]}}