{"id":1556,"date":"2017-01-29T15:33:03","date_gmt":"2017-01-29T14:33:03","guid":{"rendered":"http:\/\/fotokp.cz\/?page_id=1556"},"modified":"2020-01-11T09:57:39","modified_gmt":"2020-01-11T08:57:39","slug":"2013-2","status":"publish","type":"page","link":"https:\/\/fotokp.cz\/?page_id=1556","title":{"rendered":"2013"},"content":{"rendered":"<h1 style=\"text-align: center;\">Hody<\/h1>\n<h4 class=\"entry-title\" style=\"text-align: center;\"><a href=\"http:\/\/fotokp.cz\/?page_id=1570\">St\u0159elice 24.-26.5.2013<\/a><\/h4>\n<p class=\"entry-title\" style=\"text-align: center;\"><a href=\"http:\/\/fotokp.cz\/?page_id=1570\"><img loading=\"lazy\" decoding=\"async\" class=\"alignnone wp-image-24078 size-medium\" src=\"http:\/\/fotokp.cz\/wp-content\/uploads\/2017\/01\/DSCN3448-300x200.jpg\" alt=\"\" width=\"300\" height=\"200\" srcset=\"https:\/\/fotokp.cz\/wp-content\/uploads\/2017\/01\/DSCN3448-300x200.jpg 300w, https:\/\/fotokp.cz\/wp-content\/uploads\/2017\/01\/DSCN3448-768x512.jpg 768w, https:\/\/fotokp.cz\/wp-content\/uploads\/2017\/01\/DSCN3448-1024x683.jpg 1024w, https:\/\/fotokp.cz\/wp-content\/uploads\/2017\/01\/DSCN3448.jpg 1940w\" sizes=\"(max-width: 300px) 100vw, 300px\" \/><\/a><\/p>\n<h1 style=\"text-align: center;\">Plesy<\/h1>\n<h4 class=\"entry-title\" style=\"text-align: center;\"><a href=\"http:\/\/fotokp.cz\/?page_id=1605\">\u010cejkovice \u2013 krojov\u00fd 26.1.2013<\/a><\/h4>\n<p class=\"entry-title\" style=\"text-align: center;\"><a href=\"http:\/\/fotokp.cz\/?page_id=1605\"><img loading=\"lazy\" decoding=\"async\" class=\"alignnone wp-image-24080 size-medium\" src=\"http:\/\/fotokp.cz\/wp-content\/uploads\/2017\/01\/DSCN2505-300x201.jpg\" alt=\"\" width=\"300\" height=\"201\" srcset=\"https:\/\/fotokp.cz\/wp-content\/uploads\/2017\/01\/DSCN2505-300x201.jpg 300w, https:\/\/fotokp.cz\/wp-content\/uploads\/2017\/01\/DSCN2505-768x514.jpg 768w, https:\/\/fotokp.cz\/wp-content\/uploads\/2017\/01\/DSCN2505-1024x685.jpg 1024w, https:\/\/fotokp.cz\/wp-content\/uploads\/2017\/01\/DSCN2505.jpg 1900w\" sizes=\"(max-width: 300px) 100vw, 300px\" \/><\/a><\/p>\n<h1 style=\"text-align: center;\">Ro\u010dn\u00edkov\u00e1 m\u00e1ja<\/h1>\n<h4 class=\"entry-title\" style=\"text-align: center;\"><a href=\"http:\/\/fotokp.cz\/?page_id=1558\">Ro\u010dn\u00edk 95 \u2013 30.4.2013<\/a><\/h4>\n<p class=\"entry-title\" style=\"text-align: center;\"><a href=\"http:\/\/fotokp.cz\/?page_id=1558\"><img loading=\"lazy\" decoding=\"async\" class=\"alignnone wp-image-24082 size-medium\" src=\"http:\/\/fotokp.cz\/wp-content\/uploads\/2017\/01\/DSCN2806-300x200.jpg\" alt=\"\" width=\"300\" height=\"200\" srcset=\"https:\/\/fotokp.cz\/wp-content\/uploads\/2017\/01\/DSCN2806-300x200.jpg 300w, https:\/\/fotokp.cz\/wp-content\/uploads\/2017\/01\/DSCN2806-768x512.jpg 768w, https:\/\/fotokp.cz\/wp-content\/uploads\/2017\/01\/DSCN2806-1024x683.jpg 1024w, https:\/\/fotokp.cz\/wp-content\/uploads\/2017\/01\/DSCN2806.jpg 1940w\" sizes=\"(max-width: 300px) 100vw, 300px\" \/><\/a><\/p>\n","protected":false},"excerpt":{"rendered":"<p>Hody St\u0159elice 24.-26.5.2013 Plesy \u010cejkovice \u2013 krojov\u00fd 26.1.2013 Ro\u010dn\u00edkov\u00e1 m\u00e1ja Ro\u010dn\u00edk 95 \u2013 30.4.2013<\/p>\n","protected":false},"author":1,"featured_media":0,"parent":0,"menu_order":2013,"comment_status":"closed","ping_status":"closed","template":"","meta":{"_monsterinsights_skip_tracking":false,"_monsterinsights_sitenote_active":false,"_monsterinsights_sitenote_note":"","_monsterinsights_sitenote_category":0,"ngg_post_thumbnail":0,"footnotes":""},"_links":{"self":[{"href":"https:\/\/fotokp.cz\/index.php?rest_route=\/wp\/v2\/pages\/1556"}],"collection":[{"href":"https:\/\/fotokp.cz\/index.php?rest_route=\/wp\/v2\/pages"}],"about":[{"href":"https:\/\/fotokp.cz\/index.php?rest_route=\/wp\/v2\/types\/page"}],"author":[{"embeddable":true,"href":"https:\/\/fotokp.cz\/index.php?rest_route=\/wp\/v2\/users\/1"}],"replies":[{"embeddable":true,"href":"https:\/\/fotokp.cz\/index.php?rest_route=%2Fwp%2Fv2%2Fcomments&post=1556"}],"version-history":[{"count":5,"href":"https:\/\/fotokp.cz\/index.php?rest_route=\/wp\/v2\/pages\/1556\/revisions"}],"predecessor-version":[{"id":31304,"href":"https:\/\/fotokp.cz\/index.php?rest_route=\/wp\/v2\/pages\/1556\/revisions\/31304"}],"wp:attachment":[{"href":"https:\/\/fotokp.cz\/index.php?rest_route=%2Fwp%2Fv2%2Fmedia&parent=1556"}],"curies":[{"name":"wp","href":"https:\/\/api.w.org\/{rel}","templated":true}]}}