{"id":1460,"date":"2017-01-29T14:58:32","date_gmt":"2017-01-29T13:58:32","guid":{"rendered":"http:\/\/fotokp.cz\/?page_id=1460"},"modified":"2020-01-11T10:00:58","modified_gmt":"2020-01-11T09:00:58","slug":"2015-2","status":"publish","type":"page","link":"https:\/\/fotokp.cz\/?page_id=1460","title":{"rendered":"2015"},"content":{"rendered":"<h1 style=\"text-align: center;\">Hody<\/h1>\n<h4 style=\"text-align: center;\"><a href=\"http:\/\/fotokp.cz\/?page_id=1458\">St\u011blice 29.-31.05.2015<\/a><\/h4>\n<p style=\"text-align: center;\"><a href=\"http:\/\/fotokp.cz\/?page_id=1458\"><img loading=\"lazy\" decoding=\"async\" class=\"alignnone wp-image-24059 size-medium\" src=\"http:\/\/fotokp.cz\/wp-content\/uploads\/2017\/01\/DSCN3703-300x200.jpg\" alt=\"\" width=\"300\" height=\"200\" srcset=\"https:\/\/fotokp.cz\/wp-content\/uploads\/2017\/01\/DSCN3703-300x200.jpg 300w, https:\/\/fotokp.cz\/wp-content\/uploads\/2017\/01\/DSCN3703-768x512.jpg 768w, https:\/\/fotokp.cz\/wp-content\/uploads\/2017\/01\/DSCN3703-1024x683.jpg 1024w, https:\/\/fotokp.cz\/wp-content\/uploads\/2017\/01\/DSCN3703.jpg 1940w\" sizes=\"(max-width: 300px) 100vw, 300px\" \/><\/a><\/p>\n<h4 class=\"entry-title\" style=\"text-align: center;\"><a href=\"http:\/\/fotokp.cz\/?page_id=16986\">Sokolnice 14.06.2015<\/a><\/h4>\n<p class=\"entry-title\" style=\"text-align: center;\"><a href=\"http:\/\/fotokp.cz\/?page_id=16986\"><img loading=\"lazy\" decoding=\"async\" class=\"alignnone wp-image-24058 size-medium\" src=\"http:\/\/fotokp.cz\/wp-content\/uploads\/2017\/01\/DSC_1008-300x200.jpg\" alt=\"\" width=\"300\" height=\"200\" srcset=\"https:\/\/fotokp.cz\/wp-content\/uploads\/2017\/01\/DSC_1008-300x200.jpg 300w, https:\/\/fotokp.cz\/wp-content\/uploads\/2017\/01\/DSC_1008-768x513.jpg 768w, https:\/\/fotokp.cz\/wp-content\/uploads\/2017\/01\/DSC_1008-1024x684.jpg 1024w, https:\/\/fotokp.cz\/wp-content\/uploads\/2017\/01\/DSC_1008.jpg 1940w\" sizes=\"(max-width: 300px) 100vw, 300px\" \/><\/a><\/p>\n<h4 class=\"entry-title\" style=\"text-align: center;\"><a href=\"http:\/\/fotokp.cz\/?page_id=16622\">St\u0159elice 18.10.2015<\/a><\/h4>\n<p class=\"entry-title\" style=\"text-align: center;\"><a href=\"http:\/\/fotokp.cz\/?page_id=16622\"><img loading=\"lazy\" decoding=\"async\" class=\"alignnone wp-image-24057 size-medium\" src=\"http:\/\/fotokp.cz\/wp-content\/uploads\/2017\/01\/DSCN5158-300x200.jpg\" alt=\"\" width=\"300\" height=\"200\" srcset=\"https:\/\/fotokp.cz\/wp-content\/uploads\/2017\/01\/DSCN5158-300x200.jpg 300w, https:\/\/fotokp.cz\/wp-content\/uploads\/2017\/01\/DSCN5158-768x512.jpg 768w, https:\/\/fotokp.cz\/wp-content\/uploads\/2017\/01\/DSCN5158-1024x682.jpg 1024w, https:\/\/fotokp.cz\/wp-content\/uploads\/2017\/01\/DSCN5158.jpg 1940w\" sizes=\"(max-width: 300px) 100vw, 300px\" \/><\/a><\/p>\n<h1 style=\"text-align: center;\">Plesy<\/h1>\n<h4 class=\"entry-title\" style=\"text-align: center;\"><a href=\"http:\/\/fotokp.cz\/?page_id=1516\">\u010cejkovice \u2013 krojov\u00fd 31.1.2015<\/a><\/h4>\n<p class=\"entry-title\" style=\"text-align: center;\"><a href=\"http:\/\/fotokp.cz\/?page_id=1516\"><img loading=\"lazy\" decoding=\"async\" class=\"alignnone wp-image-24061 size-medium\" src=\"http:\/\/fotokp.cz\/wp-content\/uploads\/2017\/01\/DSCN2744-300x200.jpg\" alt=\"\" width=\"300\" height=\"200\" srcset=\"https:\/\/fotokp.cz\/wp-content\/uploads\/2017\/01\/DSCN2744-300x200.jpg 300w, https:\/\/fotokp.cz\/wp-content\/uploads\/2017\/01\/DSCN2744-768x512.jpg 768w, https:\/\/fotokp.cz\/wp-content\/uploads\/2017\/01\/DSCN2744-1024x683.jpg 1024w, https:\/\/fotokp.cz\/wp-content\/uploads\/2017\/01\/DSCN2744.jpg 1940w\" sizes=\"(max-width: 300px) 100vw, 300px\" \/><\/a><\/p>\n<h1 style=\"text-align: center;\">Do\u017einky<\/h1>\n<h4 class=\"entry-title\" style=\"text-align: center;\"><a href=\"http:\/\/fotokp.cz\/?page_id=12083\">St\u0159elice 29.-30.08.2015<\/a><\/h4>\n<p class=\"entry-title\" style=\"text-align: center;\"><a href=\"http:\/\/fotokp.cz\/?page_id=12083\"><img loading=\"lazy\" decoding=\"async\" class=\"alignnone wp-image-24062 size-medium\" src=\"http:\/\/fotokp.cz\/wp-content\/uploads\/2017\/01\/DSCN4715-300x200.jpg\" alt=\"\" width=\"300\" height=\"200\" srcset=\"https:\/\/fotokp.cz\/wp-content\/uploads\/2017\/01\/DSCN4715-300x200.jpg 300w, https:\/\/fotokp.cz\/wp-content\/uploads\/2017\/01\/DSCN4715-768x512.jpg 768w, https:\/\/fotokp.cz\/wp-content\/uploads\/2017\/01\/DSCN4715-1024x682.jpg 1024w, https:\/\/fotokp.cz\/wp-content\/uploads\/2017\/01\/DSCN4715.jpg 1940w\" sizes=\"(max-width: 300px) 100vw, 300px\" \/><\/a><\/p>\n<h1 style=\"text-align: center;\">Ro\u010dn\u00edkov\u00e1 m\u00e1ja<\/h1>\n<h4 class=\"entry-title\" style=\"text-align: center;\"><a href=\"http:\/\/fotokp.cz\/?page_id=17461\">Ro\u010dn\u00edk 97 \u2013 30.04.2015<\/a><\/h4>\n<p class=\"entry-title\" style=\"text-align: center;\"><a href=\"http:\/\/fotokp.cz\/?page_id=17461\"><img loading=\"lazy\" decoding=\"async\" class=\"alignnone wp-image-24064 size-medium\" src=\"http:\/\/fotokp.cz\/wp-content\/uploads\/2017\/01\/DSCN3251-300x200.jpg\" alt=\"\" width=\"300\" height=\"200\" srcset=\"https:\/\/fotokp.cz\/wp-content\/uploads\/2017\/01\/DSCN3251-300x200.jpg 300w, https:\/\/fotokp.cz\/wp-content\/uploads\/2017\/01\/DSCN3251-768x512.jpg 768w, https:\/\/fotokp.cz\/wp-content\/uploads\/2017\/01\/DSCN3251-1024x682.jpg 1024w, https:\/\/fotokp.cz\/wp-content\/uploads\/2017\/01\/DSCN3251.jpg 1940w\" sizes=\"(max-width: 300px) 100vw, 300px\" \/><\/a><\/p>\n","protected":false},"excerpt":{"rendered":"<p>Hody St\u011blice 29.-31.05.2015 Sokolnice 14.06.2015 St\u0159elice 18.10.2015 Plesy \u010cejkovice \u2013 krojov\u00fd 31.1.2015 Do\u017einky St\u0159elice 29.-30.08.2015 Ro\u010dn\u00edkov\u00e1 m\u00e1ja Ro\u010dn\u00edk 97 \u2013 30.04.2015<\/p>\n","protected":false},"author":1,"featured_media":0,"parent":0,"menu_order":2015,"comment_status":"closed","ping_status":"closed","template":"","meta":{"_monsterinsights_skip_tracking":false,"_monsterinsights_sitenote_active":false,"_monsterinsights_sitenote_note":"","_monsterinsights_sitenote_category":0,"ngg_post_thumbnail":0,"footnotes":""},"_links":{"self":[{"href":"https:\/\/fotokp.cz\/index.php?rest_route=\/wp\/v2\/pages\/1460"}],"collection":[{"href":"https:\/\/fotokp.cz\/index.php?rest_route=\/wp\/v2\/pages"}],"about":[{"href":"https:\/\/fotokp.cz\/index.php?rest_route=\/wp\/v2\/types\/page"}],"author":[{"embeddable":true,"href":"https:\/\/fotokp.cz\/index.php?rest_route=\/wp\/v2\/users\/1"}],"replies":[{"embeddable":true,"href":"https:\/\/fotokp.cz\/index.php?rest_route=%2Fwp%2Fv2%2Fcomments&post=1460"}],"version-history":[{"count":5,"href":"https:\/\/fotokp.cz\/index.php?rest_route=\/wp\/v2\/pages\/1460\/revisions"}],"predecessor-version":[{"id":31307,"href":"https:\/\/fotokp.cz\/index.php?rest_route=\/wp\/v2\/pages\/1460\/revisions\/31307"}],"wp:attachment":[{"href":"https:\/\/fotokp.cz\/index.php?rest_route=%2Fwp%2Fv2%2Fmedia&parent=1460"}],"curies":[{"name":"wp","href":"https:\/\/api.w.org\/{rel}","templated":true}]}}