{"id":11617,"date":"2017-01-30T18:52:19","date_gmt":"2017-01-30T17:52:19","guid":{"rendered":"http:\/\/fotokp.cz\/?page_id=11617"},"modified":"2020-01-11T09:54:59","modified_gmt":"2020-01-11T08:54:59","slug":"2010-2","status":"publish","type":"page","link":"https:\/\/fotokp.cz\/?page_id=11617","title":{"rendered":"2010"},"content":{"rendered":"<h1 style=\"text-align: center;\">Hody<\/h1>\n<h4 class=\"entry-title\" style=\"text-align: center;\"><a href=\"http:\/\/fotokp.cz\/?page_id=12479\">St\u0159elice \u2013 babsk\u00e9 18.09. 2010<\/a><\/h4>\n<p class=\"entry-title\" style=\"text-align: center;\"><a href=\"http:\/\/fotokp.cz\/?page_id=12479\"><img loading=\"lazy\" decoding=\"async\" class=\"alignnone size-medium wp-image-24095\" src=\"http:\/\/fotokp.cz\/wp-content\/uploads\/2017\/01\/IMG_0089-300x225.jpg\" alt=\"\" width=\"300\" height=\"225\" srcset=\"https:\/\/fotokp.cz\/wp-content\/uploads\/2017\/01\/IMG_0089-300x225.jpg 300w, https:\/\/fotokp.cz\/wp-content\/uploads\/2017\/01\/IMG_0089-768x576.jpg 768w, https:\/\/fotokp.cz\/wp-content\/uploads\/2017\/01\/IMG_0089-1024x768.jpg 1024w, https:\/\/fotokp.cz\/wp-content\/uploads\/2017\/01\/IMG_0089.jpg 1940w\" sizes=\"(max-width: 300px) 100vw, 300px\" \/><\/a><\/p>\n<h1 style=\"text-align: center;\">Do\u017einky<\/h1>\n<h4 class=\"entry-title\" style=\"text-align: center;\"><a href=\"http:\/\/fotokp.cz\/?page_id=11621\">St\u0159elice 29.08.2010<\/a><\/h4>\n<p class=\"entry-title\" style=\"text-align: center;\"><a href=\"http:\/\/fotokp.cz\/?page_id=11621\"><img loading=\"lazy\" decoding=\"async\" class=\"alignnone wp-image-24097 size-medium\" src=\"http:\/\/fotokp.cz\/wp-content\/uploads\/2017\/01\/0144-300x225.jpg\" alt=\"\" width=\"300\" height=\"225\" srcset=\"https:\/\/fotokp.cz\/wp-content\/uploads\/2017\/01\/0144-300x225.jpg 300w, https:\/\/fotokp.cz\/wp-content\/uploads\/2017\/01\/0144-768x576.jpg 768w, https:\/\/fotokp.cz\/wp-content\/uploads\/2017\/01\/0144-1024x768.jpg 1024w, https:\/\/fotokp.cz\/wp-content\/uploads\/2017\/01\/0144.jpg 1940w\" sizes=\"(max-width: 300px) 100vw, 300px\" \/><\/a><\/p>\n<h1 style=\"text-align: center;\">Ro\u010dn\u00edkov\u00e1 m\u00e1ja<\/h1>\n<h4 class=\"entry-title\" style=\"text-align: center;\"><a href=\"http:\/\/fotokp.cz\/?page_id=20126\">Ro\u010dn\u00edk 92 \u2013 30.04.2010<\/a><\/h4>\n<p class=\"entry-title\" style=\"text-align: center;\"><a href=\"http:\/\/fotokp.cz\/?page_id=20126\"><img loading=\"lazy\" decoding=\"async\" class=\"alignnone wp-image-24099 size-medium\" src=\"http:\/\/fotokp.cz\/wp-content\/uploads\/2017\/01\/001-300x225.jpg\" alt=\"\" width=\"300\" height=\"225\" srcset=\"https:\/\/fotokp.cz\/wp-content\/uploads\/2017\/01\/001-300x225.jpg 300w, https:\/\/fotokp.cz\/wp-content\/uploads\/2017\/01\/001-768x576.jpg 768w, https:\/\/fotokp.cz\/wp-content\/uploads\/2017\/01\/001-1024x768.jpg 1024w, https:\/\/fotokp.cz\/wp-content\/uploads\/2017\/01\/001.jpg 1724w\" sizes=\"(max-width: 300px) 100vw, 300px\" \/><\/a><\/p>\n","protected":false},"excerpt":{"rendered":"<p>Hody St\u0159elice \u2013 babsk\u00e9 18.09. 2010 Do\u017einky St\u0159elice 29.08.2010 Ro\u010dn\u00edkov\u00e1 m\u00e1ja Ro\u010dn\u00edk 92 \u2013 30.04.2010<\/p>\n","protected":false},"author":1,"featured_media":0,"parent":0,"menu_order":2010,"comment_status":"closed","ping_status":"closed","template":"","meta":{"_monsterinsights_skip_tracking":false,"_monsterinsights_sitenote_active":false,"_monsterinsights_sitenote_note":"","_monsterinsights_sitenote_category":0,"ngg_post_thumbnail":0,"footnotes":""},"_links":{"self":[{"href":"https:\/\/fotokp.cz\/index.php?rest_route=\/wp\/v2\/pages\/11617"}],"collection":[{"href":"https:\/\/fotokp.cz\/index.php?rest_route=\/wp\/v2\/pages"}],"about":[{"href":"https:\/\/fotokp.cz\/index.php?rest_route=\/wp\/v2\/types\/page"}],"author":[{"embeddable":true,"href":"https:\/\/fotokp.cz\/index.php?rest_route=\/wp\/v2\/users\/1"}],"replies":[{"embeddable":true,"href":"https:\/\/fotokp.cz\/index.php?rest_route=%2Fwp%2Fv2%2Fcomments&post=11617"}],"version-history":[{"count":6,"href":"https:\/\/fotokp.cz\/index.php?rest_route=\/wp\/v2\/pages\/11617\/revisions"}],"predecessor-version":[{"id":31302,"href":"https:\/\/fotokp.cz\/index.php?rest_route=\/wp\/v2\/pages\/11617\/revisions\/31302"}],"wp:attachment":[{"href":"https:\/\/fotokp.cz\/index.php?rest_route=%2Fwp%2Fv2%2Fmedia&parent=11617"}],"curies":[{"name":"wp","href":"https:\/\/api.w.org\/{rel}","templated":true}]}}