{"id":10918,"date":"2017-01-30T17:39:55","date_gmt":"2017-01-30T16:39:55","guid":{"rendered":"http:\/\/fotokp.cz\/?page_id=10918"},"modified":"2020-01-11T09:53:56","modified_gmt":"2020-01-11T08:53:56","slug":"2008-2","status":"publish","type":"page","link":"https:\/\/fotokp.cz\/?page_id=10918","title":{"rendered":"2008"},"content":{"rendered":"<h1 style=\"text-align: center;\">Hody<\/h1>\n<h4 class=\"entry-title\" style=\"text-align: center;\"><a href=\"http:\/\/fotokp.cz\/?page_id=12491\">St\u0159elice \u2013 babsk\u00e9 22.11.2008<\/a><\/h4>\n<p class=\"entry-title\" style=\"text-align: center;\"><a href=\"http:\/\/fotokp.cz\/?page_id=12491\"><img loading=\"lazy\" decoding=\"async\" class=\"alignnone wp-image-24107 size-medium\" src=\"http:\/\/fotokp.cz\/wp-content\/uploads\/2017\/01\/IMG_1067-300x225.jpg\" alt=\"\" width=\"300\" height=\"225\" srcset=\"https:\/\/fotokp.cz\/wp-content\/uploads\/2017\/01\/IMG_1067-300x225.jpg 300w, https:\/\/fotokp.cz\/wp-content\/uploads\/2017\/01\/IMG_1067-768x576.jpg 768w, https:\/\/fotokp.cz\/wp-content\/uploads\/2017\/01\/IMG_1067-1024x768.jpg 1024w, https:\/\/fotokp.cz\/wp-content\/uploads\/2017\/01\/IMG_1067.jpg 1940w\" sizes=\"(max-width: 300px) 100vw, 300px\" \/><\/a><\/p>\n<h1 style=\"text-align: center;\">Plesy<\/h1>\n<h4 class=\"entry-title\" style=\"text-align: center;\"><a href=\"http:\/\/fotokp.cz\/?page_id=10922\">St\u0159elice \u2013 \u0161koln\u00ed 18.01.2008<\/a><\/h4>\n<p class=\"entry-title\" style=\"text-align: center;\"><a href=\"http:\/\/fotokp.cz\/?page_id=10922\"><img loading=\"lazy\" decoding=\"async\" class=\"alignnone wp-image-24110 size-medium\" src=\"http:\/\/fotokp.cz\/wp-content\/uploads\/2017\/01\/019-A-300x214.jpg\" alt=\"\" width=\"300\" height=\"214\" srcset=\"https:\/\/fotokp.cz\/wp-content\/uploads\/2017\/01\/019-A-300x214.jpg 300w, https:\/\/fotokp.cz\/wp-content\/uploads\/2017\/01\/019-A-768x548.jpg 768w, https:\/\/fotokp.cz\/wp-content\/uploads\/2017\/01\/019-A-1024x730.jpg 1024w, https:\/\/fotokp.cz\/wp-content\/uploads\/2017\/01\/019-A.jpg 1465w\" sizes=\"(max-width: 300px) 100vw, 300px\" \/><\/a><\/p>\n<h1 style=\"text-align: center;\">Ro\u010dn\u00edkov\u00e1 m\u00e1ja<\/h1>\n<h4 class=\"entry-title\" style=\"text-align: center;\"><a href=\"http:\/\/fotokp.cz\/?page_id=19723\">Ro\u010dn\u00edk 90 \u2013 30.04.2008<\/a><\/h4>\n<p class=\"entry-title\" style=\"text-align: center;\"><a href=\"http:\/\/fotokp.cz\/?page_id=19723\"><img loading=\"lazy\" decoding=\"async\" class=\"alignnone wp-image-24112 size-medium\" src=\"http:\/\/fotokp.cz\/wp-content\/uploads\/2017\/01\/IMG_0436-300x225.jpg\" alt=\"\" width=\"300\" height=\"225\" srcset=\"https:\/\/fotokp.cz\/wp-content\/uploads\/2017\/01\/IMG_0436-300x225.jpg 300w, https:\/\/fotokp.cz\/wp-content\/uploads\/2017\/01\/IMG_0436-768x576.jpg 768w, https:\/\/fotokp.cz\/wp-content\/uploads\/2017\/01\/IMG_0436-1024x768.jpg 1024w, https:\/\/fotokp.cz\/wp-content\/uploads\/2017\/01\/IMG_0436.jpg 1940w\" sizes=\"(max-width: 300px) 100vw, 300px\" \/><\/a><\/p>\n","protected":false},"excerpt":{"rendered":"<p>Hody St\u0159elice \u2013 babsk\u00e9 22.11.2008 Plesy St\u0159elice \u2013 \u0161koln\u00ed 18.01.2008 Ro\u010dn\u00edkov\u00e1 m\u00e1ja Ro\u010dn\u00edk 90 \u2013 30.04.2008<\/p>\n","protected":false},"author":1,"featured_media":0,"parent":0,"menu_order":2008,"comment_status":"closed","ping_status":"closed","template":"","meta":{"_monsterinsights_skip_tracking":false,"_monsterinsights_sitenote_active":false,"_monsterinsights_sitenote_note":"","_monsterinsights_sitenote_category":0,"ngg_post_thumbnail":0,"footnotes":""},"_links":{"self":[{"href":"https:\/\/fotokp.cz\/index.php?rest_route=\/wp\/v2\/pages\/10918"}],"collection":[{"href":"https:\/\/fotokp.cz\/index.php?rest_route=\/wp\/v2\/pages"}],"about":[{"href":"https:\/\/fotokp.cz\/index.php?rest_route=\/wp\/v2\/types\/page"}],"author":[{"embeddable":true,"href":"https:\/\/fotokp.cz\/index.php?rest_route=\/wp\/v2\/users\/1"}],"replies":[{"embeddable":true,"href":"https:\/\/fotokp.cz\/index.php?rest_route=%2Fwp%2Fv2%2Fcomments&post=10918"}],"version-history":[{"count":5,"href":"https:\/\/fotokp.cz\/index.php?rest_route=\/wp\/v2\/pages\/10918\/revisions"}],"predecessor-version":[{"id":31299,"href":"https:\/\/fotokp.cz\/index.php?rest_route=\/wp\/v2\/pages\/10918\/revisions\/31299"}],"wp:attachment":[{"href":"https:\/\/fotokp.cz\/index.php?rest_route=%2Fwp%2Fv2%2Fmedia&parent=10918"}],"curies":[{"name":"wp","href":"https:\/\/api.w.org\/{rel}","templated":true}]}}