{"id":10204,"date":"2017-01-30T16:45:16","date_gmt":"2017-01-30T15:45:16","guid":{"rendered":"http:\/\/fotokp.cz\/?page_id=10204"},"modified":"2020-01-11T09:54:25","modified_gmt":"2020-01-11T08:54:25","slug":"2009-2","status":"publish","type":"page","link":"https:\/\/fotokp.cz\/?page_id=10204","title":{"rendered":"2009"},"content":{"rendered":"<h1 style=\"text-align: center;\">Plesy<\/h1>\n<h4 class=\"entry-title\" style=\"text-align: center;\"><a href=\"http:\/\/fotokp.cz\/?page_id=10208\">St\u0159elice \u2013 Sokolsk\u00fd 08.02.2009<\/a><\/h4>\n<p class=\"entry-title\" style=\"text-align: center;\"><a href=\"http:\/\/fotokp.cz\/?page_id=10208\"><img loading=\"lazy\" decoding=\"async\" class=\"alignnone wp-image-24103 size-medium\" src=\"http:\/\/fotokp.cz\/wp-content\/uploads\/2017\/01\/IMG_1584-300x177.jpg\" alt=\"\" width=\"300\" height=\"177\" srcset=\"https:\/\/fotokp.cz\/wp-content\/uploads\/2017\/01\/IMG_1584-300x177.jpg 300w, https:\/\/fotokp.cz\/wp-content\/uploads\/2017\/01\/IMG_1584-768x452.jpg 768w, https:\/\/fotokp.cz\/wp-content\/uploads\/2017\/01\/IMG_1584-1024x603.jpg 1024w, https:\/\/fotokp.cz\/wp-content\/uploads\/2017\/01\/IMG_1584.jpg 1940w\" sizes=\"(max-width: 300px) 100vw, 300px\" \/><\/a><\/p>\n<h1 style=\"text-align: center;\">Ro\u010dn\u00edkov\u00e1 m\u00e1ja<\/h1>\n<h4 class=\"entry-title\" style=\"text-align: center;\"><a href=\"http:\/\/fotokp.cz\/?page_id=19780\">Ro\u010dn\u00edk 91 \u2013 30.04.2009<\/a><\/h4>\n<p class=\"entry-title\" style=\"text-align: center;\"><a href=\"http:\/\/fotokp.cz\/?page_id=19780\"><img loading=\"lazy\" decoding=\"async\" class=\"alignnone wp-image-24105 size-medium\" src=\"http:\/\/fotokp.cz\/wp-content\/uploads\/2017\/01\/IMG_1827-300x225.jpg\" alt=\"\" width=\"300\" height=\"225\" srcset=\"https:\/\/fotokp.cz\/wp-content\/uploads\/2017\/01\/IMG_1827-300x225.jpg 300w, https:\/\/fotokp.cz\/wp-content\/uploads\/2017\/01\/IMG_1827-768x576.jpg 768w, https:\/\/fotokp.cz\/wp-content\/uploads\/2017\/01\/IMG_1827-1024x768.jpg 1024w, https:\/\/fotokp.cz\/wp-content\/uploads\/2017\/01\/IMG_1827.jpg 1940w\" sizes=\"(max-width: 300px) 100vw, 300px\" \/><\/a><\/p>\n","protected":false},"excerpt":{"rendered":"<p>Plesy St\u0159elice \u2013 Sokolsk\u00fd 08.02.2009 Ro\u010dn\u00edkov\u00e1 m\u00e1ja Ro\u010dn\u00edk 91 \u2013 30.04.2009<\/p>\n","protected":false},"author":1,"featured_media":0,"parent":0,"menu_order":2009,"comment_status":"closed","ping_status":"closed","template":"","meta":{"_monsterinsights_skip_tracking":false,"_monsterinsights_sitenote_active":false,"_monsterinsights_sitenote_note":"","_monsterinsights_sitenote_category":0,"ngg_post_thumbnail":0,"footnotes":""},"_links":{"self":[{"href":"https:\/\/fotokp.cz\/index.php?rest_route=\/wp\/v2\/pages\/10204"}],"collection":[{"href":"https:\/\/fotokp.cz\/index.php?rest_route=\/wp\/v2\/pages"}],"about":[{"href":"https:\/\/fotokp.cz\/index.php?rest_route=\/wp\/v2\/types\/page"}],"author":[{"embeddable":true,"href":"https:\/\/fotokp.cz\/index.php?rest_route=\/wp\/v2\/users\/1"}],"replies":[{"embeddable":true,"href":"https:\/\/fotokp.cz\/index.php?rest_route=%2Fwp%2Fv2%2Fcomments&post=10204"}],"version-history":[{"count":5,"href":"https:\/\/fotokp.cz\/index.php?rest_route=\/wp\/v2\/pages\/10204\/revisions"}],"predecessor-version":[{"id":31300,"href":"https:\/\/fotokp.cz\/index.php?rest_route=\/wp\/v2\/pages\/10204\/revisions\/31300"}],"wp:attachment":[{"href":"https:\/\/fotokp.cz\/index.php?rest_route=%2Fwp%2Fv2%2Fmedia&parent=10204"}],"curies":[{"name":"wp","href":"https:\/\/api.w.org\/{rel}","templated":true}]}}